{"id":2617,"date":"2026-01-23T19:19:08","date_gmt":"2026-01-23T19:19:08","guid":{"rendered":"https:\/\/consultingbsd.com\/?page_id=2617"},"modified":"2026-04-08T17:44:39","modified_gmt":"2026-04-08T17:44:39","slug":"microsoft-business-central","status":"publish","type":"page","link":"https:\/\/consultingbsd.com\/en\/microsoft-business-central\/","title":{"rendered":"Microsoft Business Central"},"content":{"rendered":"<div data-elementor-type=\"wp-page\" data-elementor-id=\"2617\" class=\"elementor elementor-2617\" data-elementor-post-type=\"page\">\n\t\t\t\t<div class=\"elementor-element elementor-element-50aade7 e-con-full e-flex e-con e-parent\" data-id=\"50aade7\" data-element_type=\"container\" data-e-type=\"container\" data-settings=\"{&quot;background_background&quot;:&quot;classic&quot;}\">\n\t\t\t\t<div class=\"elementor-element elementor-element-5bc476a elementor-widget elementor-widget-spacer\" data-id=\"5bc476a\" data-element_type=\"widget\" data-e-type=\"widget\" data-widget_type=\"spacer.default\">\n\t\t\t\t<div class=\"elementor-widget-container\">\n\t\t\t\t\t\t\t<div class=\"elementor-spacer\">\n\t\t\t<div class=\"elementor-spacer-inner\"><\/div>\n\t\t<\/div>\n\t\t\t\t\t\t<\/div>\n\t\t\t\t<\/div>\n\t\t\t\t<div class=\"elementor-element elementor-element-7061327 elementor-widget elementor-widget-heading\" data-id=\"7061327\" data-element_type=\"widget\" data-e-type=\"widget\" data-widget_type=\"heading.default\">\n\t\t\t\t<div class=\"elementor-widget-container\">\n\t\t\t\t\t<h2 class=\"elementor-heading-title elementor-size-default\">Microsoft Business Central<\/h2>\t\t\t\t<\/div>\n\t\t\t\t<\/div>\n\t\t\t\t<div class=\"elementor-element elementor-element-e9f432e elementor-widget elementor-widget-spacer\" data-id=\"e9f432e\" data-element_type=\"widget\" data-e-type=\"widget\" data-widget_type=\"spacer.default\">\n\t\t\t\t<div class=\"elementor-widget-container\">\n\t\t\t\t\t\t\t<div class=\"elementor-spacer\">\n\t\t\t<div class=\"elementor-spacer-inner\"><\/div>\n\t\t<\/div>\n\t\t\t\t\t\t<\/div>\n\t\t\t\t<\/div>\n\t\t\t\t<div class=\"elementor-element elementor-element-9309715 elementor-widget elementor-widget-heading\" data-id=\"9309715\" data-element_type=\"widget\" data-e-type=\"widget\" data-widget_type=\"heading.default\">\n\t\t\t\t<div class=\"elementor-widget-container\">\n\t\t\t\t\t<h2 class=\"elementor-heading-title elementor-size-default\">What does Dynamics 365 Business Central offer<\/h2>\t\t\t\t<\/div>\n\t\t\t\t<\/div>\n\t\t<div class=\"elementor-element elementor-element-bf1ac99 e-flex e-con-boxed e-con e-child\" data-id=\"bf1ac99\" data-element_type=\"container\" data-e-type=\"container\">\n\t\t\t\t\t<div class=\"e-con-inner\">\n\t\t\t\t<div class=\"elementor-element elementor-element-25d2754 elementor-widget elementor-widget-image\" data-id=\"25d2754\" data-element_type=\"widget\" data-e-type=\"widget\" data-widget_type=\"image.default\">\n\t\t\t\t<div class=\"elementor-widget-container\">\n\t\t\t\t\t\t\t\t\t\t\t\t\t\t\t<img fetchpriority=\"high\" decoding=\"async\" width=\"1024\" height=\"914\" src=\"https:\/\/consultingbsd.com\/wp-content\/uploads\/2026\/03\/Grafik-Microsoft-Dynamics-365-EN.png\" class=\"attachment-large size-large wp-image-2725\" alt=\"\" srcset=\"https:\/\/consultingbsd.com\/wp-content\/uploads\/2026\/03\/Grafik-Microsoft-Dynamics-365-EN.png 2033w, https:\/\/consultingbsd.com\/wp-content\/uploads\/2026\/03\/Grafik-Microsoft-Dynamics-365-EN-300x268.png 300w, https:\/\/consultingbsd.com\/wp-content\/uploads\/2026\/03\/Grafik-Microsoft-Dynamics-365-EN-1024x914.png 1024w, https:\/\/consultingbsd.com\/wp-content\/uploads\/2026\/03\/Grafik-Microsoft-Dynamics-365-EN-768x685.png 768w, https:\/\/consultingbsd.com\/wp-content\/uploads\/2026\/03\/Grafik-Microsoft-Dynamics-365-EN-1536x1371.png 1536w, https:\/\/consultingbsd.com\/wp-content\/uploads\/2026\/03\/Grafik-Microsoft-Dynamics-365-EN-13x12.png 13w\" sizes=\"(max-width: 1024px) 100vw, 1024px\" \/>\t\t\t\t\t\t\t\t\t\t\t\t\t\t\t<\/div>\n\t\t\t\t<\/div>\n\t\t\t\t<div class=\"elementor-element elementor-element-14055f4 elementor-widget-divider--view-line elementor-widget elementor-widget-divider\" data-id=\"14055f4\" data-element_type=\"widget\" data-e-type=\"widget\" data-widget_type=\"divider.default\">\n\t\t\t\t<div class=\"elementor-widget-container\">\n\t\t\t\t\t\t\t<div class=\"elementor-divider\">\n\t\t\t<span class=\"elementor-divider-separator\">\n\t\t\t\t\t\t<\/span>\n\t\t<\/div>\n\t\t\t\t\t\t<\/div>\n\t\t\t\t<\/div>\n\t\t\t\t<div class=\"elementor-element elementor-element-964790c elementor-widget__width-initial elementor-widget elementor-widget-text-editor\" data-id=\"964790c\" data-element_type=\"widget\" data-e-type=\"widget\" data-widget_type=\"text-editor.default\">\n\t\t\t\t<div class=\"elementor-widget-container\">\n\t\t\t\t\t\t\t\t\t<p><span style=\"color: #000000; font-size: 32px; line-height: 1.1;\">Dynamics 365 Business Central outperforms the competition with<\/span><br \/><span style=\"color: #0078d4; font-size: 32px; line-height: 1.1;\">a fully integrated and AI-powered platform in the world's most reliable and comprehensive cloud <\/span><\/p>\t\t\t\t\t\t\t\t<\/div>\n\t\t\t\t<\/div>\n\t\t\t\t\t<\/div>\n\t\t\t\t<\/div>\n\t\t\t\t<div class=\"elementor-element elementor-element-1c348b8 elementor-widget-divider--view-line elementor-widget elementor-widget-divider\" data-id=\"1c348b8\" data-element_type=\"widget\" data-e-type=\"widget\" data-widget_type=\"divider.default\">\n\t\t\t\t<div class=\"elementor-widget-container\">\n\t\t\t\t\t\t\t<div class=\"elementor-divider\">\n\t\t\t<span class=\"elementor-divider-separator\">\n\t\t\t\t\t\t<\/span>\n\t\t<\/div>\n\t\t\t\t\t\t<\/div>\n\t\t\t\t<\/div>\n\t\t<div class=\"elementor-element elementor-element-1831f65 e-flex e-con-boxed e-con e-child\" data-id=\"1831f65\" data-element_type=\"container\" data-e-type=\"container\">\n\t\t\t\t\t<div class=\"e-con-inner\">\n\t\t\t\t<div class=\"elementor-element elementor-element-d9b2e51 elementor-widget__width-initial elementor-widget-mobile__width-initial elementor-widget elementor-widget-image\" data-id=\"d9b2e51\" data-element_type=\"widget\" data-e-type=\"widget\" data-widget_type=\"image.default\">\n\t\t\t\t<div class=\"elementor-widget-container\">\n\t\t\t\t\t\t\t\t\t\t\t\t\t\t\t<img decoding=\"async\" width=\"1024\" height=\"800\" src=\"https:\/\/consultingbsd.com\/wp-content\/uploads\/2026\/03\/Grafik-Microsoft-Dynamics-Circle-EN.png\" class=\"attachment-large size-large wp-image-2727\" alt=\"\" srcset=\"https:\/\/consultingbsd.com\/wp-content\/uploads\/2026\/03\/Grafik-Microsoft-Dynamics-Circle-EN.png 2389w, https:\/\/consultingbsd.com\/wp-content\/uploads\/2026\/03\/Grafik-Microsoft-Dynamics-Circle-EN-300x234.png 300w, https:\/\/consultingbsd.com\/wp-content\/uploads\/2026\/03\/Grafik-Microsoft-Dynamics-Circle-EN-1024x800.png 1024w, https:\/\/consultingbsd.com\/wp-content\/uploads\/2026\/03\/Grafik-Microsoft-Dynamics-Circle-EN-768x600.png 768w, https:\/\/consultingbsd.com\/wp-content\/uploads\/2026\/03\/Grafik-Microsoft-Dynamics-Circle-EN-1536x1200.png 1536w, https:\/\/consultingbsd.com\/wp-content\/uploads\/2026\/03\/Grafik-Microsoft-Dynamics-Circle-EN-2048x1600.png 2048w, https:\/\/consultingbsd.com\/wp-content\/uploads\/2026\/03\/Grafik-Microsoft-Dynamics-Circle-EN-15x12.png 15w\" sizes=\"(max-width: 1024px) 100vw, 1024px\" \/>\t\t\t\t\t\t\t\t\t\t\t\t\t\t\t<\/div>\n\t\t\t\t<\/div>\n\t\t\t\t<div class=\"elementor-element elementor-element-2d1ae25 elementor-widget__width-initial elementor-widget elementor-widget-image\" data-id=\"2d1ae25\" data-element_type=\"widget\" data-e-type=\"widget\" data-widget_type=\"image.default\">\n\t\t\t\t<div class=\"elementor-widget-container\">\n\t\t\t\t\t\t\t\t\t\t\t\t\t\t\t<img decoding=\"async\" width=\"968\" height=\"1024\" src=\"https:\/\/consultingbsd.com\/wp-content\/uploads\/2026\/03\/Grafik-Microsoft-Dynamics-Punkte-EN.png\" class=\"attachment-large size-large wp-image-2728\" alt=\"\" srcset=\"https:\/\/consultingbsd.com\/wp-content\/uploads\/2026\/03\/Grafik-Microsoft-Dynamics-Punkte-EN.png 1704w, https:\/\/consultingbsd.com\/wp-content\/uploads\/2026\/03\/Grafik-Microsoft-Dynamics-Punkte-EN-284x300.png 284w, https:\/\/consultingbsd.com\/wp-content\/uploads\/2026\/03\/Grafik-Microsoft-Dynamics-Punkte-EN-968x1024.png 968w, https:\/\/consultingbsd.com\/wp-content\/uploads\/2026\/03\/Grafik-Microsoft-Dynamics-Punkte-EN-768x813.png 768w, https:\/\/consultingbsd.com\/wp-content\/uploads\/2026\/03\/Grafik-Microsoft-Dynamics-Punkte-EN-1452x1536.png 1452w, https:\/\/consultingbsd.com\/wp-content\/uploads\/2026\/03\/Grafik-Microsoft-Dynamics-Punkte-EN-11x12.png 11w\" sizes=\"(max-width: 968px) 100vw, 968px\" \/>\t\t\t\t\t\t\t\t\t\t\t\t\t\t\t<\/div>\n\t\t\t\t<\/div>\n\t\t\t\t\t<\/div>\n\t\t\t\t<\/div>\n\t\t\t\t<div class=\"elementor-element elementor-element-a143fc8 elementor-widget-divider--view-line elementor-widget elementor-widget-divider\" data-id=\"a143fc8\" data-element_type=\"widget\" data-e-type=\"widget\" data-widget_type=\"divider.default\">\n\t\t\t\t<div class=\"elementor-widget-container\">\n\t\t\t\t\t\t\t<div class=\"elementor-divider\">\n\t\t\t<span class=\"elementor-divider-separator\">\n\t\t\t\t\t\t<\/span>\n\t\t<\/div>\n\t\t\t\t\t\t<\/div>\n\t\t\t\t<\/div>\n\t\t<div class=\"elementor-element elementor-element-a9a14be e-flex e-con-boxed e-con e-child\" data-id=\"a9a14be\" data-element_type=\"container\" data-e-type=\"container\">\n\t\t\t\t\t<div class=\"e-con-inner\">\n\t\t\t\t<div class=\"elementor-element elementor-element-eeb3c92 elementor-widget elementor-widget-image\" data-id=\"eeb3c92\" data-element_type=\"widget\" data-e-type=\"widget\" data-widget_type=\"image.default\">\n\t\t\t\t<div class=\"elementor-widget-container\">\n\t\t\t\t\t\t\t\t\t\t\t\t\t\t\t<img loading=\"lazy\" decoding=\"async\" width=\"1024\" height=\"450\" src=\"https:\/\/consultingbsd.com\/wp-content\/uploads\/2026\/03\/Grafik-Microsoft-Dynamics-Dienstleistung-EN-scaled.png\" class=\"attachment-large size-large wp-image-2733\" alt=\"\" srcset=\"https:\/\/consultingbsd.com\/wp-content\/uploads\/2026\/03\/Grafik-Microsoft-Dynamics-Dienstleistung-EN-scaled.png 2560w, https:\/\/consultingbsd.com\/wp-content\/uploads\/2026\/03\/Grafik-Microsoft-Dynamics-Dienstleistung-EN-300x132.png 300w, https:\/\/consultingbsd.com\/wp-content\/uploads\/2026\/03\/Grafik-Microsoft-Dynamics-Dienstleistung-EN-1024x450.png 1024w, https:\/\/consultingbsd.com\/wp-content\/uploads\/2026\/03\/Grafik-Microsoft-Dynamics-Dienstleistung-EN-768x338.png 768w, https:\/\/consultingbsd.com\/wp-content\/uploads\/2026\/03\/Grafik-Microsoft-Dynamics-Dienstleistung-EN-1536x675.png 1536w, https:\/\/consultingbsd.com\/wp-content\/uploads\/2026\/03\/Grafik-Microsoft-Dynamics-Dienstleistung-EN-2048x900.png 2048w, https:\/\/consultingbsd.com\/wp-content\/uploads\/2026\/03\/Grafik-Microsoft-Dynamics-Dienstleistung-EN-18x8.png 18w\" sizes=\"(max-width: 1024px) 100vw, 1024px\" \/>\t\t\t\t\t\t\t\t\t\t\t\t\t\t\t<\/div>\n\t\t\t\t<\/div>\n\t\t\t\t\t<\/div>\n\t\t\t\t<\/div>\n\t\t\t\t<div class=\"elementor-element elementor-element-6f79d13 elementor-widget-divider--view-line elementor-widget elementor-widget-divider\" data-id=\"6f79d13\" data-element_type=\"widget\" data-e-type=\"widget\" data-widget_type=\"divider.default\">\n\t\t\t\t<div class=\"elementor-widget-container\">\n\t\t\t\t\t\t\t<div class=\"elementor-divider\">\n\t\t\t<span class=\"elementor-divider-separator\">\n\t\t\t\t\t\t<\/span>\n\t\t<\/div>\n\t\t\t\t\t\t<\/div>\n\t\t\t\t<\/div>\n\t\t<div class=\"elementor-element elementor-element-aa38c8d e-flex e-con-boxed e-con e-child\" data-id=\"aa38c8d\" data-element_type=\"container\" data-e-type=\"container\">\n\t\t\t\t\t<div class=\"e-con-inner\">\n\t\t\t\t<div class=\"elementor-element elementor-element-a808500 elementor-widget elementor-widget-heading\" data-id=\"a808500\" data-element_type=\"widget\" data-e-type=\"widget\" data-widget_type=\"heading.default\">\n\t\t\t\t<div class=\"elementor-widget-container\">\n\t\t\t\t\t<h2 class=\"elementor-heading-title elementor-size-default\">CentralCoreERP A NEW WAY OF ERP\nIMPLEMENTATION<\/h2>\t\t\t\t<\/div>\n\t\t\t\t<\/div>\n\t\t\t\t<div class=\"elementor-element elementor-element-bd0dfc9 elementor-widget elementor-widget-text-editor\" data-id=\"bd0dfc9\" data-element_type=\"widget\" data-e-type=\"widget\" data-widget_type=\"text-editor.default\">\n\t\t\t\t<div class=\"elementor-widget-container\">\n\t\t\t\t\t\t\t\t\t<p>With the brand CentralCoreERP, we are providing together with our partner Cromind a new type of Microsoft 365 Business Central ERP implementation in Brazil.<\/p><p>Find out more:\u00a0<a href=\"https:\/\/www.centralcoreerp.com.br\" target=\"_blank\" rel=\"noopener\">Website CentralCoreERP<\/a>\u00a0<\/p>\t\t\t\t\t\t\t\t<\/div>\n\t\t\t\t<\/div>\n\t\t\t\t\t<\/div>\n\t\t\t\t<\/div>\n\t\t\t\t<div class=\"elementor-element elementor-element-43fe761 elementor-widget-divider--view-line elementor-widget elementor-widget-divider\" data-id=\"43fe761\" data-element_type=\"widget\" data-e-type=\"widget\" data-widget_type=\"divider.default\">\n\t\t\t\t<div class=\"elementor-widget-container\">\n\t\t\t\t\t\t\t<div class=\"elementor-divider\">\n\t\t\t<span class=\"elementor-divider-separator\">\n\t\t\t\t\t\t<\/span>\n\t\t<\/div>\n\t\t\t\t\t\t<\/div>\n\t\t\t\t<\/div>\n\t\t\t\t<\/div>\n\t\t\t\t<\/div>","protected":false},"excerpt":{"rendered":"<p>Microsoft Business Central Was bietet Dynamics 365 Business Central Dynamics 365 Business Central \u00fcbertrifft die Konkurrenz miteiner vollst\u00e4ndigen integrierten und KI-gest\u00fctzten Plattform, in der weltweit zuverl\u00e4ssigsten und umfassendsten Cloud CentralCoreERP EINE NEUE ART DER ERP IMPLEMENTIERUNG Unter der Marke CentralCoreERP bieten wir mit unserem Partner Cromind eine neue Art der Microsoft 365 Business Central ERP [&hellip;]<\/p>\n","protected":false},"author":4,"featured_media":0,"parent":0,"menu_order":0,"comment_status":"closed","ping_status":"closed","template":"","meta":{"site-sidebar-layout":"no-sidebar","site-content-layout":"page-builder","ast-site-content-layout":"full-width-container","site-content-style":"default","site-sidebar-style":"default","ast-global-header-display":"","ast-banner-title-visibility":"","ast-main-header-display":"","ast-hfb-above-header-display":"","ast-hfb-below-header-display":"","ast-hfb-mobile-header-display":"","site-post-title":"disabled","ast-breadcrumbs-content":"","ast-featured-img":"disabled","footer-sml-layout":"","ast-disable-related-posts":"","theme-transparent-header-meta":"","adv-header-id-meta":"","stick-header-meta":"","header-above-stick-meta":"","header-main-stick-meta":"","header-below-stick-meta":"","astra-migrate-meta-layouts":"default","ast-page-background-enabled":"default","ast-page-background-meta":{"desktop":{"background-color":"var(--ast-global-color-4)","background-image":"","background-repeat":"repeat","background-position":"center center","background-size":"auto","background-attachment":"scroll","background-type":"","background-media":"","overlay-type":"","overlay-color":"","overlay-opacity":"","overlay-gradient":""},"tablet":{"background-color":"","background-image":"","background-repeat":"repeat","background-position":"center center","background-size":"auto","background-attachment":"scroll","background-type":"","background-media":"","overlay-type":"","overlay-color":"","overlay-opacity":"","overlay-gradient":""},"mobile":{"background-color":"","background-image":"","background-repeat":"repeat","background-position":"center center","background-size":"auto","background-attachment":"scroll","background-type":"","background-media":"","overlay-type":"","overlay-color":"","overlay-opacity":"","overlay-gradient":""}},"ast-content-background-meta":{"desktop":{"background-color":"var(--ast-global-color-5)","background-image":"","background-repeat":"repeat","background-position":"center center","background-size":"auto","background-attachment":"scroll","background-type":"","background-media":"","overlay-type":"","overlay-color":"","overlay-opacity":"","overlay-gradient":""},"tablet":{"background-color":"var(--ast-global-color-5)","background-image":"","background-repeat":"repeat","background-position":"center center","background-size":"auto","background-attachment":"scroll","background-type":"","background-media":"","overlay-type":"","overlay-color":"","overlay-opacity":"","overlay-gradient":""},"mobile":{"background-color":"var(--ast-global-color-5)","background-image":"","background-repeat":"repeat","background-position":"center center","background-size":"auto","background-attachment":"scroll","background-type":"","background-media":"","overlay-type":"","overlay-color":"","overlay-opacity":"","overlay-gradient":""}},"footnotes":""},"class_list":["post-2617","page","type-page","status-publish","hentry"],"yoast_head":"<!-- This site is optimized with the Yoast SEO plugin v27.4 - https:\/\/yoast.com\/product\/yoast-seo-wordpress\/ -->\n<title>Microsoft Business Central - bsd Consulting Services<\/title>\n<meta name=\"robots\" content=\"index, follow, max-snippet:-1, max-image-preview:large, max-video-preview:-1\" \/>\n<link rel=\"canonical\" href=\"https:\/\/consultingbsd.com\/en\/microsoft-business-central\/\" \/>\n<meta property=\"og:locale\" content=\"en_US\" \/>\n<meta property=\"og:type\" content=\"article\" \/>\n<meta property=\"og:title\" content=\"Microsoft Business Central - bsd Consulting Services\" \/>\n<meta property=\"og:description\" content=\"Microsoft Business Central Was bietet Dynamics 365 Business Central Dynamics 365 Business Central \u00fcbertrifft die Konkurrenz miteiner vollst\u00e4ndigen integrierten und KI-gest\u00fctzten Plattform, in der weltweit zuverl\u00e4ssigsten und umfassendsten Cloud CentralCoreERP EINE NEUE ART DER ERP IMPLEMENTIERUNG Unter der Marke CentralCoreERP bieten wir mit unserem Partner Cromind eine neue Art der Microsoft 365 Business Central ERP [&hellip;]\" \/>\n<meta property=\"og:url\" content=\"https:\/\/consultingbsd.com\/en\/microsoft-business-central\/\" \/>\n<meta property=\"og:site_name\" content=\"bsd Consulting Services\" \/>\n<meta property=\"article:modified_time\" content=\"2026-04-08T17:44:39+00:00\" \/>\n<meta property=\"og:image\" content=\"https:\/\/consultingbsd.com\/wp-content\/uploads\/2026\/03\/Grafik-Microsoft-Dynamics-365.png\" \/>\n\t<meta property=\"og:image:width\" content=\"2033\" \/>\n\t<meta property=\"og:image:height\" content=\"1814\" \/>\n\t<meta property=\"og:image:type\" content=\"image\/png\" \/>\n<meta name=\"twitter:card\" content=\"summary_large_image\" \/>\n<meta name=\"twitter:label1\" content=\"Est. reading time\" \/>\n\t<meta name=\"twitter:data1\" content=\"2 minutes\" \/>\n<script type=\"application\/ld+json\" class=\"yoast-schema-graph\">{\"@context\":\"https:\\\/\\\/schema.org\",\"@graph\":[{\"@type\":\"WebPage\",\"@id\":\"https:\\\/\\\/consultingbsd.com\\\/microsoft-business-central\\\/\",\"url\":\"https:\\\/\\\/consultingbsd.com\\\/microsoft-business-central\\\/\",\"name\":\"Microsoft Business Central - bsd Consulting Services\",\"isPartOf\":{\"@id\":\"https:\\\/\\\/consultingbsd.com\\\/#website\"},\"primaryImageOfPage\":{\"@id\":\"https:\\\/\\\/consultingbsd.com\\\/microsoft-business-central\\\/#primaryimage\"},\"image\":{\"@id\":\"https:\\\/\\\/consultingbsd.com\\\/microsoft-business-central\\\/#primaryimage\"},\"thumbnailUrl\":\"https:\\\/\\\/consultingbsd.com\\\/wp-content\\\/uploads\\\/2026\\\/03\\\/Grafik-Microsoft-Dynamics-365-1024x914.png\",\"datePublished\":\"2026-01-23T19:19:08+00:00\",\"dateModified\":\"2026-04-08T17:44:39+00:00\",\"breadcrumb\":{\"@id\":\"https:\\\/\\\/consultingbsd.com\\\/microsoft-business-central\\\/#breadcrumb\"},\"inLanguage\":\"en-US\",\"potentialAction\":[{\"@type\":\"ReadAction\",\"target\":[\"https:\\\/\\\/consultingbsd.com\\\/microsoft-business-central\\\/\"]}]},{\"@type\":\"ImageObject\",\"inLanguage\":\"en-US\",\"@id\":\"https:\\\/\\\/consultingbsd.com\\\/microsoft-business-central\\\/#primaryimage\",\"url\":\"https:\\\/\\\/consultingbsd.com\\\/wp-content\\\/uploads\\\/2026\\\/03\\\/Grafik-Microsoft-Dynamics-365-1024x914.png\",\"contentUrl\":\"https:\\\/\\\/consultingbsd.com\\\/wp-content\\\/uploads\\\/2026\\\/03\\\/Grafik-Microsoft-Dynamics-365-1024x914.png\"},{\"@type\":\"BreadcrumbList\",\"@id\":\"https:\\\/\\\/consultingbsd.com\\\/microsoft-business-central\\\/#breadcrumb\",\"itemListElement\":[{\"@type\":\"ListItem\",\"position\":1,\"name\":\"Home\",\"item\":\"https:\\\/\\\/consultingbsd.com\\\/\"},{\"@type\":\"ListItem\",\"position\":2,\"name\":\"Microsoft Business Central\"}]},{\"@type\":\"WebSite\",\"@id\":\"https:\\\/\\\/consultingbsd.com\\\/#website\",\"url\":\"https:\\\/\\\/consultingbsd.com\\\/\",\"name\":\"bsd Consulting Services\",\"description\":\"Website Barreto Schmidt Consulting Services GmbH\",\"publisher\":{\"@id\":\"https:\\\/\\\/consultingbsd.com\\\/#organization\"},\"inLanguage\":\"en-US\"},{\"@type\":\"Organization\",\"@id\":\"https:\\\/\\\/consultingbsd.com\\\/#organization\",\"name\":\"bsd Consulting Services\",\"url\":\"https:\\\/\\\/consultingbsd.com\\\/\",\"logo\":{\"@type\":\"ImageObject\",\"inLanguage\":\"en-US\",\"@id\":\"https:\\\/\\\/consultingbsd.com\\\/#\\\/schema\\\/logo\\\/image\\\/\",\"url\":\"https:\\\/\\\/consultingbsd.com\\\/wp-content\\\/uploads\\\/2023\\\/09\\\/Logo-Footer.png\",\"contentUrl\":\"https:\\\/\\\/consultingbsd.com\\\/wp-content\\\/uploads\\\/2023\\\/09\\\/Logo-Footer.png\",\"width\":5990,\"height\":3322,\"caption\":\"bsd Consulting Services\"},\"image\":{\"@id\":\"https:\\\/\\\/consultingbsd.com\\\/#\\\/schema\\\/logo\\\/image\\\/\"}}]}<\/script>\n<!-- \/ Yoast SEO plugin. -->","yoast_head_json":{"title":"Microsoft Business Central - bsd Consulting Services","robots":{"index":"index","follow":"follow","max-snippet":"max-snippet:-1","max-image-preview":"max-image-preview:large","max-video-preview":"max-video-preview:-1"},"canonical":"https:\/\/consultingbsd.com\/en\/microsoft-business-central\/","og_locale":"en_US","og_type":"article","og_title":"Microsoft Business Central - bsd Consulting Services","og_description":"Microsoft Business Central Was bietet Dynamics 365 Business Central Dynamics 365 Business Central \u00fcbertrifft die Konkurrenz miteiner vollst\u00e4ndigen integrierten und KI-gest\u00fctzten Plattform, in der weltweit zuverl\u00e4ssigsten und umfassendsten Cloud CentralCoreERP EINE NEUE ART DER ERP IMPLEMENTIERUNG Unter der Marke CentralCoreERP bieten wir mit unserem Partner Cromind eine neue Art der Microsoft 365 Business Central ERP [&hellip;]","og_url":"https:\/\/consultingbsd.com\/en\/microsoft-business-central\/","og_site_name":"bsd Consulting Services","article_modified_time":"2026-04-08T17:44:39+00:00","og_image":[{"width":2033,"height":1814,"url":"https:\/\/consultingbsd.com\/wp-content\/uploads\/2026\/03\/Grafik-Microsoft-Dynamics-365.png","type":"image\/png"}],"twitter_card":"summary_large_image","twitter_misc":{"Est. reading time":"2 minutes"},"schema":{"@context":"https:\/\/schema.org","@graph":[{"@type":"WebPage","@id":"https:\/\/consultingbsd.com\/microsoft-business-central\/","url":"https:\/\/consultingbsd.com\/microsoft-business-central\/","name":"Microsoft Business Central - bsd Consulting Services","isPartOf":{"@id":"https:\/\/consultingbsd.com\/#website"},"primaryImageOfPage":{"@id":"https:\/\/consultingbsd.com\/microsoft-business-central\/#primaryimage"},"image":{"@id":"https:\/\/consultingbsd.com\/microsoft-business-central\/#primaryimage"},"thumbnailUrl":"https:\/\/consultingbsd.com\/wp-content\/uploads\/2026\/03\/Grafik-Microsoft-Dynamics-365-1024x914.png","datePublished":"2026-01-23T19:19:08+00:00","dateModified":"2026-04-08T17:44:39+00:00","breadcrumb":{"@id":"https:\/\/consultingbsd.com\/microsoft-business-central\/#breadcrumb"},"inLanguage":"en-US","potentialAction":[{"@type":"ReadAction","target":["https:\/\/consultingbsd.com\/microsoft-business-central\/"]}]},{"@type":"ImageObject","inLanguage":"en-US","@id":"https:\/\/consultingbsd.com\/microsoft-business-central\/#primaryimage","url":"https:\/\/consultingbsd.com\/wp-content\/uploads\/2026\/03\/Grafik-Microsoft-Dynamics-365-1024x914.png","contentUrl":"https:\/\/consultingbsd.com\/wp-content\/uploads\/2026\/03\/Grafik-Microsoft-Dynamics-365-1024x914.png"},{"@type":"BreadcrumbList","@id":"https:\/\/consultingbsd.com\/microsoft-business-central\/#breadcrumb","itemListElement":[{"@type":"ListItem","position":1,"name":"Home","item":"https:\/\/consultingbsd.com\/"},{"@type":"ListItem","position":2,"name":"Microsoft Business Central"}]},{"@type":"WebSite","@id":"https:\/\/consultingbsd.com\/#website","url":"https:\/\/consultingbsd.com\/","name":"bsd Consulting Services","description":"Website Barreto Schmidt Consulting Services GmbH","publisher":{"@id":"https:\/\/consultingbsd.com\/#organization"},"inLanguage":"en-US"},{"@type":"Organization","@id":"https:\/\/consultingbsd.com\/#organization","name":"bsd Consulting Services","url":"https:\/\/consultingbsd.com\/","logo":{"@type":"ImageObject","inLanguage":"en-US","@id":"https:\/\/consultingbsd.com\/#\/schema\/logo\/image\/","url":"https:\/\/consultingbsd.com\/wp-content\/uploads\/2023\/09\/Logo-Footer.png","contentUrl":"https:\/\/consultingbsd.com\/wp-content\/uploads\/2023\/09\/Logo-Footer.png","width":5990,"height":3322,"caption":"bsd Consulting Services"},"image":{"@id":"https:\/\/consultingbsd.com\/#\/schema\/logo\/image\/"}}]}},"_links":{"self":[{"href":"https:\/\/consultingbsd.com\/en\/wp-json\/wp\/v2\/pages\/2617","targetHints":{"allow":["GET"]}}],"collection":[{"href":"https:\/\/consultingbsd.com\/en\/wp-json\/wp\/v2\/pages"}],"about":[{"href":"https:\/\/consultingbsd.com\/en\/wp-json\/wp\/v2\/types\/page"}],"author":[{"embeddable":true,"href":"https:\/\/consultingbsd.com\/en\/wp-json\/wp\/v2\/users\/4"}],"replies":[{"embeddable":true,"href":"https:\/\/consultingbsd.com\/en\/wp-json\/wp\/v2\/comments?post=2617"}],"version-history":[{"count":115,"href":"https:\/\/consultingbsd.com\/en\/wp-json\/wp\/v2\/pages\/2617\/revisions"}],"predecessor-version":[{"id":3487,"href":"https:\/\/consultingbsd.com\/en\/wp-json\/wp\/v2\/pages\/2617\/revisions\/3487"}],"wp:attachment":[{"href":"https:\/\/consultingbsd.com\/en\/wp-json\/wp\/v2\/media?parent=2617"}],"curies":[{"name":"wp","href":"https:\/\/api.w.org\/{rel}","templated":true}]}}