{"id":2676,"date":"2026-02-28T01:21:23","date_gmt":"2026-02-28T01:21:23","guid":{"rendered":"https:\/\/consultingbsd.com\/?page_id=2676"},"modified":"2026-04-10T16:12:26","modified_gmt":"2026-04-10T16:12:26","slug":"communication-technology","status":"publish","type":"page","link":"https:\/\/consultingbsd.com\/en\/communication-technology\/","title":{"rendered":"Communication Technology"},"content":{"rendered":"<div data-elementor-type=\"wp-page\" data-elementor-id=\"2676\" class=\"elementor elementor-2676\" data-elementor-post-type=\"page\">\n\t\t\t\t<div class=\"elementor-element elementor-element-d8ed935 e-flex e-con-boxed e-con e-parent\" data-id=\"d8ed935\" data-element_type=\"container\" data-e-type=\"container\" data-settings=\"{&quot;background_background&quot;:&quot;classic&quot;}\">\n\t\t\t\t\t<div class=\"e-con-inner\">\n\t\t\t\t<div class=\"elementor-element elementor-element-bc11ad3 elementor-widget elementor-widget-spacer\" data-id=\"bc11ad3\" data-element_type=\"widget\" data-e-type=\"widget\" data-widget_type=\"spacer.default\">\n\t\t\t\t<div class=\"elementor-widget-container\">\n\t\t\t\t\t\t\t<div class=\"elementor-spacer\">\n\t\t\t<div class=\"elementor-spacer-inner\"><\/div>\n\t\t<\/div>\n\t\t\t\t\t\t<\/div>\n\t\t\t\t<\/div>\n\t\t\t\t<div class=\"elementor-element elementor-element-03ad796 elementor-widget elementor-widget-heading\" data-id=\"03ad796\" data-element_type=\"widget\" data-e-type=\"widget\" data-widget_type=\"heading.default\">\n\t\t\t\t<div class=\"elementor-widget-container\">\n\t\t\t\t\t<h2 class=\"elementor-heading-title elementor-size-default\">Next-generation wireless mesh network<\/h2>\t\t\t\t<\/div>\n\t\t\t\t<\/div>\n\t\t\t\t<div class=\"elementor-element elementor-element-564abb6 elementor-widget elementor-widget-spacer\" data-id=\"564abb6\" data-element_type=\"widget\" data-e-type=\"widget\" data-widget_type=\"spacer.default\">\n\t\t\t\t<div class=\"elementor-widget-container\">\n\t\t\t\t\t\t\t<div class=\"elementor-spacer\">\n\t\t\t<div class=\"elementor-spacer-inner\"><\/div>\n\t\t<\/div>\n\t\t\t\t\t\t<\/div>\n\t\t\t\t<\/div>\n\t\t\t\t<div class=\"elementor-element elementor-element-88a317f elementor-widget elementor-widget-text-editor\" data-id=\"88a317f\" data-element_type=\"widget\" data-e-type=\"widget\" data-widget_type=\"text-editor.default\">\n\t\t\t\t<div class=\"elementor-widget-container\">\n\t\t\t\t\t\t\t\t\t<p>The infrastructure of the RadioLED Core Network is a mesh network consisting of hardware and software components, called multipoints, which can be managed through a dashboard for measurement and monitoring.<\/p>\t\t\t\t\t\t\t\t<\/div>\n\t\t\t\t<\/div>\n\t\t<div class=\"elementor-element elementor-element-5ace8de e-con-full e-flex e-con e-child\" data-id=\"5ace8de\" data-element_type=\"container\" data-e-type=\"container\">\n\t\t\t\t<div class=\"elementor-element elementor-element-3f01b7d elementor-widget elementor-widget-heading\" data-id=\"3f01b7d\" data-element_type=\"widget\" data-e-type=\"widget\" data-widget_type=\"heading.default\">\n\t\t\t\t<div class=\"elementor-widget-container\">\n\t\t\t\t\t<h2 class=\"elementor-heading-title elementor-size-default\">About the product<\/h2>\t\t\t\t<\/div>\n\t\t\t\t<\/div>\n\t\t\t\t<div class=\"elementor-element elementor-element-2232ca6 elementor-widget elementor-widget-gallery\" data-id=\"2232ca6\" data-element_type=\"widget\" data-e-type=\"widget\" data-settings=\"{&quot;columns&quot;:3,&quot;columns_tablet&quot;:3,&quot;lazyload&quot;:&quot;yes&quot;,&quot;gallery_layout&quot;:&quot;grid&quot;,&quot;columns_mobile&quot;:1,&quot;gap&quot;:{&quot;unit&quot;:&quot;px&quot;,&quot;size&quot;:10,&quot;sizes&quot;:[]},&quot;gap_tablet&quot;:{&quot;unit&quot;:&quot;px&quot;,&quot;size&quot;:10,&quot;sizes&quot;:[]},&quot;gap_mobile&quot;:{&quot;unit&quot;:&quot;px&quot;,&quot;size&quot;:10,&quot;sizes&quot;:[]},&quot;link_to&quot;:&quot;file&quot;,&quot;aspect_ratio&quot;:&quot;3:2&quot;,&quot;overlay_background&quot;:&quot;yes&quot;,&quot;content_hover_animation&quot;:&quot;fade-in&quot;}\" data-widget_type=\"gallery.default\">\n\t\t\t\t<div class=\"elementor-widget-container\">\n\t\t\t\t\t\t\t<div class=\"elementor-gallery__container\">\n\t\t\t\t\t\t\t<a class=\"e-gallery-item elementor-gallery-item elementor-animated-content\" href=\"https:\/\/consultingbsd.com\/wp-content\/uploads\/2026\/04\/RadioLED-Modul1.png\" data-elementor-open-lightbox=\"yes\" data-elementor-lightbox-slideshow=\"2232ca6\" data-elementor-lightbox-title=\"RadioLED Modul1\" data-e-action-hash=\"#elementor-action%3Aaction%3Dlightbox%26settings%3DeyJpZCI6MzQ3OSwidXJsIjoiaHR0cHM6XC9cL2NvbnN1bHRpbmdic2QuY29tXC93cC1jb250ZW50XC91cGxvYWRzXC8yMDI2XC8wNFwvUmFkaW9MRUQtTW9kdWwxLnBuZyIsInNsaWRlc2hvdyI6IjIyMzJjYTYifQ%3D%3D\">\n\t\t\t\t\t<div class=\"e-gallery-image elementor-gallery-item__image\" data-thumbnail=\"https:\/\/consultingbsd.com\/wp-content\/uploads\/2026\/04\/RadioLED-Modul1-230x300.png\" data-width=\"230\" data-height=\"300\" aria-label=\"\" role=\"img\" ><\/div>\n\t\t\t\t\t\t\t\t\t\t\t<div class=\"elementor-gallery-item__overlay\"><\/div>\n\t\t\t\t\t\t\t\t\t\t\t\t\t\t<\/a>\n\t\t\t\t\t\t\t<a class=\"e-gallery-item elementor-gallery-item elementor-animated-content\" href=\"https:\/\/consultingbsd.com\/wp-content\/uploads\/2026\/04\/RadioLED-Modul2.png\" data-elementor-open-lightbox=\"yes\" data-elementor-lightbox-slideshow=\"2232ca6\" data-elementor-lightbox-title=\"RadioLED Modul2\" data-e-action-hash=\"#elementor-action%3Aaction%3Dlightbox%26settings%3DeyJpZCI6MzQ3NiwidXJsIjoiaHR0cHM6XC9cL2NvbnN1bHRpbmdic2QuY29tXC93cC1jb250ZW50XC91cGxvYWRzXC8yMDI2XC8wNFwvUmFkaW9MRUQtTW9kdWwyLnBuZyIsInNsaWRlc2hvdyI6IjIyMzJjYTYifQ%3D%3D\">\n\t\t\t\t\t<div class=\"e-gallery-image elementor-gallery-item__image\" data-thumbnail=\"https:\/\/consultingbsd.com\/wp-content\/uploads\/2026\/04\/RadioLED-Modul2-300x300.png\" data-width=\"300\" data-height=\"300\" aria-label=\"\" role=\"img\" ><\/div>\n\t\t\t\t\t\t\t\t\t\t\t<div class=\"elementor-gallery-item__overlay\"><\/div>\n\t\t\t\t\t\t\t\t\t\t\t\t\t\t<\/a>\n\t\t\t\t\t\t\t<a class=\"e-gallery-item elementor-gallery-item elementor-animated-content\" href=\"https:\/\/consultingbsd.com\/wp-content\/uploads\/2026\/04\/RadioLED-Connection-Points-Cut.png\" data-elementor-open-lightbox=\"yes\" data-elementor-lightbox-slideshow=\"2232ca6\" data-elementor-lightbox-title=\"RadioLED Connection Points Cut\" data-e-action-hash=\"#elementor-action%3Aaction%3Dlightbox%26settings%3DeyJpZCI6MzQ3NywidXJsIjoiaHR0cHM6XC9cL2NvbnN1bHRpbmdic2QuY29tXC93cC1jb250ZW50XC91cGxvYWRzXC8yMDI2XC8wNFwvUmFkaW9MRUQtQ29ubmVjdGlvbi1Qb2ludHMtQ3V0LnBuZyIsInNsaWRlc2hvdyI6IjIyMzJjYTYifQ%3D%3D\">\n\t\t\t\t\t<div class=\"e-gallery-image elementor-gallery-item__image\" data-thumbnail=\"https:\/\/consultingbsd.com\/wp-content\/uploads\/2026\/04\/RadioLED-Connection-Points-Cut-279x300.png\" data-width=\"279\" data-height=\"300\" aria-label=\"\" role=\"img\" ><\/div>\n\t\t\t\t\t\t\t\t\t\t\t<div class=\"elementor-gallery-item__overlay\"><\/div>\n\t\t\t\t\t\t\t\t\t\t\t\t\t\t<\/a>\n\t\t\t\t\t<\/div>\n\t\t\t\t\t<\/div>\n\t\t\t\t<\/div>\n\t\t\t\t<div class=\"elementor-element elementor-element-10195e0 elementor-widget elementor-widget-spacer\" data-id=\"10195e0\" data-element_type=\"widget\" data-e-type=\"widget\" data-widget_type=\"spacer.default\">\n\t\t\t\t<div class=\"elementor-widget-container\">\n\t\t\t\t\t\t\t<div class=\"elementor-spacer\">\n\t\t\t<div class=\"elementor-spacer-inner\"><\/div>\n\t\t<\/div>\n\t\t\t\t\t\t<\/div>\n\t\t\t\t<\/div>\n\t\t\t\t<div class=\"elementor-element elementor-element-891fbcf elementor-widget elementor-widget-text-editor\" data-id=\"891fbcf\" data-element_type=\"widget\" data-e-type=\"widget\" data-widget_type=\"text-editor.default\">\n\t\t\t\t<div class=\"elementor-widget-container\">\n\t\t\t\t\t\t\t\t\t<p>An infrastructure platform designed for autonomous operation and strategic scalability.<\/p><p>A next-generation wireless mesh network technology that forms the digital foundation for smart cities.<\/p>\t\t\t\t\t\t\t\t<\/div>\n\t\t\t\t<\/div>\n\t\t\t\t<\/div>\n\t\t\t\t<div class=\"elementor-element elementor-element-04d2153 elementor-widget elementor-widget-heading\" data-id=\"04d2153\" data-element_type=\"widget\" data-e-type=\"widget\" data-widget_type=\"heading.default\">\n\t\t\t\t<div class=\"elementor-widget-container\">\n\t\t\t\t\t<h2 class=\"elementor-heading-title elementor-size-default\">How it works<\/h2>\t\t\t\t<\/div>\n\t\t\t\t<\/div>\n\t\t\t\t<div class=\"elementor-element elementor-element-410e3a2 elementor-widget elementor-widget-image\" data-id=\"410e3a2\" data-element_type=\"widget\" data-e-type=\"widget\" data-widget_type=\"image.default\">\n\t\t\t\t<div class=\"elementor-widget-container\">\n\t\t\t\t\t\t\t\t\t\t\t\t\t\t\t<img fetchpriority=\"high\" decoding=\"async\" width=\"1024\" height=\"440\" src=\"https:\/\/consultingbsd.com\/wp-content\/uploads\/2026\/04\/RadioLEDHowDoesItWork-scaled.png\" class=\"attachment-large size-large wp-image-3482\" alt=\"\" srcset=\"https:\/\/consultingbsd.com\/wp-content\/uploads\/2026\/04\/RadioLEDHowDoesItWork-scaled.png 2560w, https:\/\/consultingbsd.com\/wp-content\/uploads\/2026\/04\/RadioLEDHowDoesItWork-300x129.png 300w, https:\/\/consultingbsd.com\/wp-content\/uploads\/2026\/04\/RadioLEDHowDoesItWork-1024x440.png 1024w, https:\/\/consultingbsd.com\/wp-content\/uploads\/2026\/04\/RadioLEDHowDoesItWork-768x330.png 768w, https:\/\/consultingbsd.com\/wp-content\/uploads\/2026\/04\/RadioLEDHowDoesItWork-1536x660.png 1536w, https:\/\/consultingbsd.com\/wp-content\/uploads\/2026\/04\/RadioLEDHowDoesItWork-2048x880.png 2048w, https:\/\/consultingbsd.com\/wp-content\/uploads\/2026\/04\/RadioLEDHowDoesItWork-18x8.png 18w\" sizes=\"(max-width: 1024px) 100vw, 1024px\" \/>\t\t\t\t\t\t\t\t\t\t\t\t\t\t\t<\/div>\n\t\t\t\t<\/div>\n\t\t\t\t<div class=\"elementor-element elementor-element-e7e5828 elementor-widget elementor-widget-spacer\" data-id=\"e7e5828\" data-element_type=\"widget\" data-e-type=\"widget\" data-widget_type=\"spacer.default\">\n\t\t\t\t<div class=\"elementor-widget-container\">\n\t\t\t\t\t\t\t<div class=\"elementor-spacer\">\n\t\t\t<div class=\"elementor-spacer-inner\"><\/div>\n\t\t<\/div>\n\t\t\t\t\t\t<\/div>\n\t\t\t\t<\/div>\n\t\t\t\t<div class=\"elementor-element elementor-element-ad068e1 elementor-widget elementor-widget-heading\" data-id=\"ad068e1\" data-element_type=\"widget\" data-e-type=\"widget\" data-widget_type=\"heading.default\">\n\t\t\t\t<div class=\"elementor-widget-container\">\n\t\t\t\t\t<h2 class=\"elementor-heading-title elementor-size-default\">RadioLED mesh network technology is just what you need:<\/h2>\t\t\t\t<\/div>\n\t\t\t\t<\/div>\n\t\t\t\t<div class=\"elementor-element elementor-element-fa237f7 elementor-widget elementor-widget-text-editor\" data-id=\"fa237f7\" data-element_type=\"widget\" data-e-type=\"widget\" data-widget_type=\"text-editor.default\">\n\t\t\t\t<div class=\"elementor-widget-container\">\n\t\t\t\t\t\t\t\t\t<p><b>\u2026 whenever the conventional network infrastructure fails.<\/b><\/p><ul><li>Limited reach and dependence on centralized providers<\/li><li>Lack of local control and operational autonomy<\/li><li>High setup costs and long implementation cycles<\/li><li>Insufficient support for decentralized and sensitive use cases<\/li><li>Lack of flexible communication infrastructure for your smart city applications<\/li><\/ul>\t\t\t\t\t\t\t\t<\/div>\n\t\t\t\t<\/div>\n\t\t\t\t<div class=\"elementor-element elementor-element-0915a68 elementor-widget elementor-widget-text-editor\" data-id=\"0915a68\" data-element_type=\"widget\" data-e-type=\"widget\" data-widget_type=\"text-editor.default\">\n\t\t\t\t<div class=\"elementor-widget-container\">\n\t\t\t\t\t\t\t\t\t<p><i>&gt;&gt;  Existing connectivity models are centralized, inflexible and slow to adapt to local and strategic requirements &lt;&lt;<\/i><\/p><p>RadioLED technology:<\/p><p>A state-of-the-art wireless mesh network technology that forms the digital foundation for smart cities.<\/p>\t\t\t\t\t\t\t\t<\/div>\n\t\t\t\t<\/div>\n\t\t\t\t<div class=\"elementor-element elementor-element-155ff0d elementor-widget elementor-widget-text-editor\" data-id=\"155ff0d\" data-element_type=\"widget\" data-e-type=\"widget\" data-widget_type=\"text-editor.default\">\n\t\t\t\t<div class=\"elementor-widget-container\">\n\t\t\t\t\t\t\t\t\t<p>Would you like to lay the foundation for your smart city?<\/p><p>Find out more: <a href=\"https:\/\/www.radioled.eu\/\" target=\"_blank\" rel=\"noopener\">Website RadioLED<\/a>\u00a0| <a href=\"https:\/\/www.engelbrechtgc.com\/\" target=\"_blank\" rel=\"noopener\">Website EGC<\/a><\/p>\t\t\t\t\t\t\t\t<\/div>\n\t\t\t\t<\/div>\n\t\t\t\t<div class=\"elementor-element elementor-element-d0c1ab1 elementor-widget elementor-widget-spacer\" data-id=\"d0c1ab1\" data-element_type=\"widget\" data-e-type=\"widget\" data-widget_type=\"spacer.default\">\n\t\t\t\t<div class=\"elementor-widget-container\">\n\t\t\t\t\t\t\t<div class=\"elementor-spacer\">\n\t\t\t<div class=\"elementor-spacer-inner\"><\/div>\n\t\t<\/div>\n\t\t\t\t\t\t<\/div>\n\t\t\t\t<\/div>\n\t\t\t\t\t<\/div>\n\t\t\t\t<\/div>\n\t\t\t\t<\/div>","protected":false},"excerpt":{"rendered":"<p>Drahtloses Mesh-Netzwerk der n\u00e4chsten Generation Die Infrastruktur von RadioLED Core Network ist ein Mesh-Netzwerk, das aus Hardware- und Softwarekomponenten besteht, die als Multipoint-Knoten bezeichnet werden und \u00fcber ein Kontrollpanel zur Messung und \u00dcberwachung verwaltet werden k\u00f6nnen. \u00dcber das Produkt Eine Infrastrukturplattform, die auf den autonomen Betrieb und strategische Skalierbarkeit ausgelegt ist. Eine drahtlose Mesh-Netzwerktechnologie der [&hellip;]<\/p>\n","protected":false},"author":4,"featured_media":0,"parent":0,"menu_order":0,"comment_status":"closed","ping_status":"closed","template":"","meta":{"site-sidebar-layout":"no-sidebar","site-content-layout":"page-builder","ast-site-content-layout":"full-width-container","site-content-style":"default","site-sidebar-style":"default","ast-global-header-display":"","ast-banner-title-visibility":"","ast-main-header-display":"","ast-hfb-above-header-display":"","ast-hfb-below-header-display":"","ast-hfb-mobile-header-display":"","site-post-title":"disabled","ast-breadcrumbs-content":"","ast-featured-img":"disabled","footer-sml-layout":"","ast-disable-related-posts":"","theme-transparent-header-meta":"","adv-header-id-meta":"","stick-header-meta":"","header-above-stick-meta":"","header-main-stick-meta":"","header-below-stick-meta":"","astra-migrate-meta-layouts":"set","ast-page-background-enabled":"default","ast-page-background-meta":{"desktop":{"background-color":"var(--ast-global-color-4)","background-image":"","background-repeat":"repeat","background-position":"center center","background-size":"auto","background-attachment":"scroll","background-type":"","background-media":"","overlay-type":"","overlay-color":"","overlay-opacity":"","overlay-gradient":""},"tablet":{"background-color":"","background-image":"","background-repeat":"repeat","background-position":"center center","background-size":"auto","background-attachment":"scroll","background-type":"","background-media":"","overlay-type":"","overlay-color":"","overlay-opacity":"","overlay-gradient":""},"mobile":{"background-color":"","background-image":"","background-repeat":"repeat","background-position":"center center","background-size":"auto","background-attachment":"scroll","background-type":"","background-media":"","overlay-type":"","overlay-color":"","overlay-opacity":"","overlay-gradient":""}},"ast-content-background-meta":{"desktop":{"background-color":"var(--ast-global-color-5)","background-image":"","background-repeat":"repeat","background-position":"center center","background-size":"auto","background-attachment":"scroll","background-type":"","background-media":"","overlay-type":"","overlay-color":"","overlay-opacity":"","overlay-gradient":""},"tablet":{"background-color":"var(--ast-global-color-5)","background-image":"","background-repeat":"repeat","background-position":"center center","background-size":"auto","background-attachment":"scroll","background-type":"","background-media":"","overlay-type":"","overlay-color":"","overlay-opacity":"","overlay-gradient":""},"mobile":{"background-color":"var(--ast-global-color-5)","background-image":"","background-repeat":"repeat","background-position":"center center","background-size":"auto","background-attachment":"scroll","background-type":"","background-media":"","overlay-type":"","overlay-color":"","overlay-opacity":"","overlay-gradient":""}},"footnotes":""},"class_list":["post-2676","page","type-page","status-publish","hentry"],"yoast_head":"<!-- This site is optimized with the Yoast SEO plugin v27.4 - https:\/\/yoast.com\/product\/yoast-seo-wordpress\/ -->\n<title>Communication Technology - bsd Consulting Services<\/title>\n<meta name=\"robots\" content=\"index, follow, max-snippet:-1, max-image-preview:large, max-video-preview:-1\" \/>\n<link rel=\"canonical\" href=\"https:\/\/consultingbsd.com\/en\/communication-technology\/\" \/>\n<meta property=\"og:locale\" content=\"en_US\" \/>\n<meta property=\"og:type\" content=\"article\" \/>\n<meta property=\"og:title\" content=\"Communication Technology - bsd Consulting Services\" \/>\n<meta property=\"og:description\" content=\"Drahtloses Mesh-Netzwerk der n\u00e4chsten Generation Die Infrastruktur von RadioLED Core Network ist ein Mesh-Netzwerk, das aus Hardware- und Softwarekomponenten besteht, die als Multipoint-Knoten bezeichnet werden und \u00fcber ein Kontrollpanel zur Messung und \u00dcberwachung verwaltet werden k\u00f6nnen. \u00dcber das Produkt Eine Infrastrukturplattform, die auf den autonomen Betrieb und strategische Skalierbarkeit ausgelegt ist. Eine drahtlose Mesh-Netzwerktechnologie der [&hellip;]\" \/>\n<meta property=\"og:url\" content=\"https:\/\/consultingbsd.com\/en\/communication-technology\/\" \/>\n<meta property=\"og:site_name\" content=\"bsd Consulting Services\" \/>\n<meta property=\"article:modified_time\" content=\"2026-04-10T16:12:26+00:00\" \/>\n<meta property=\"og:image\" content=\"https:\/\/consultingbsd.com\/wp-content\/uploads\/2026\/04\/RadioLEDFunktionsweise-scaled.png\" \/>\n\t<meta property=\"og:image:width\" content=\"2560\" \/>\n\t<meta property=\"og:image:height\" content=\"1099\" \/>\n\t<meta property=\"og:image:type\" content=\"image\/png\" \/>\n<meta name=\"twitter:card\" content=\"summary_large_image\" \/>\n<meta name=\"twitter:label1\" content=\"Est. reading time\" \/>\n\t<meta name=\"twitter:data1\" content=\"1 minute\" \/>\n<script type=\"application\/ld+json\" class=\"yoast-schema-graph\">{\"@context\":\"https:\\\/\\\/schema.org\",\"@graph\":[{\"@type\":\"WebPage\",\"@id\":\"https:\\\/\\\/consultingbsd.com\\\/communication-technology\\\/\",\"url\":\"https:\\\/\\\/consultingbsd.com\\\/communication-technology\\\/\",\"name\":\"Communication Technology - bsd Consulting Services\",\"isPartOf\":{\"@id\":\"https:\\\/\\\/consultingbsd.com\\\/#website\"},\"primaryImageOfPage\":{\"@id\":\"https:\\\/\\\/consultingbsd.com\\\/communication-technology\\\/#primaryimage\"},\"image\":{\"@id\":\"https:\\\/\\\/consultingbsd.com\\\/communication-technology\\\/#primaryimage\"},\"thumbnailUrl\":\"https:\\\/\\\/consultingbsd.com\\\/wp-content\\\/uploads\\\/2026\\\/04\\\/RadioLEDFunktionsweise-1024x440.png\",\"datePublished\":\"2026-02-28T01:21:23+00:00\",\"dateModified\":\"2026-04-10T16:12:26+00:00\",\"breadcrumb\":{\"@id\":\"https:\\\/\\\/consultingbsd.com\\\/communication-technology\\\/#breadcrumb\"},\"inLanguage\":\"en-US\",\"potentialAction\":[{\"@type\":\"ReadAction\",\"target\":[\"https:\\\/\\\/consultingbsd.com\\\/communication-technology\\\/\"]}]},{\"@type\":\"ImageObject\",\"inLanguage\":\"en-US\",\"@id\":\"https:\\\/\\\/consultingbsd.com\\\/communication-technology\\\/#primaryimage\",\"url\":\"https:\\\/\\\/consultingbsd.com\\\/wp-content\\\/uploads\\\/2026\\\/04\\\/RadioLEDFunktionsweise-1024x440.png\",\"contentUrl\":\"https:\\\/\\\/consultingbsd.com\\\/wp-content\\\/uploads\\\/2026\\\/04\\\/RadioLEDFunktionsweise-1024x440.png\"},{\"@type\":\"BreadcrumbList\",\"@id\":\"https:\\\/\\\/consultingbsd.com\\\/communication-technology\\\/#breadcrumb\",\"itemListElement\":[{\"@type\":\"ListItem\",\"position\":1,\"name\":\"Home\",\"item\":\"https:\\\/\\\/consultingbsd.com\\\/\"},{\"@type\":\"ListItem\",\"position\":2,\"name\":\"Communication Technology\"}]},{\"@type\":\"WebSite\",\"@id\":\"https:\\\/\\\/consultingbsd.com\\\/#website\",\"url\":\"https:\\\/\\\/consultingbsd.com\\\/\",\"name\":\"bsd Consulting Services\",\"description\":\"Website Barreto Schmidt Consulting Services GmbH\",\"publisher\":{\"@id\":\"https:\\\/\\\/consultingbsd.com\\\/#organization\"},\"inLanguage\":\"en-US\"},{\"@type\":\"Organization\",\"@id\":\"https:\\\/\\\/consultingbsd.com\\\/#organization\",\"name\":\"bsd Consulting Services\",\"url\":\"https:\\\/\\\/consultingbsd.com\\\/\",\"logo\":{\"@type\":\"ImageObject\",\"inLanguage\":\"en-US\",\"@id\":\"https:\\\/\\\/consultingbsd.com\\\/#\\\/schema\\\/logo\\\/image\\\/\",\"url\":\"https:\\\/\\\/consultingbsd.com\\\/wp-content\\\/uploads\\\/2023\\\/09\\\/Logo-Footer.png\",\"contentUrl\":\"https:\\\/\\\/consultingbsd.com\\\/wp-content\\\/uploads\\\/2023\\\/09\\\/Logo-Footer.png\",\"width\":5990,\"height\":3322,\"caption\":\"bsd Consulting Services\"},\"image\":{\"@id\":\"https:\\\/\\\/consultingbsd.com\\\/#\\\/schema\\\/logo\\\/image\\\/\"}}]}<\/script>\n<!-- \/ Yoast SEO plugin. -->","yoast_head_json":{"title":"Communication Technology - bsd Consulting Services","robots":{"index":"index","follow":"follow","max-snippet":"max-snippet:-1","max-image-preview":"max-image-preview:large","max-video-preview":"max-video-preview:-1"},"canonical":"https:\/\/consultingbsd.com\/en\/communication-technology\/","og_locale":"en_US","og_type":"article","og_title":"Communication Technology - bsd Consulting Services","og_description":"Drahtloses Mesh-Netzwerk der n\u00e4chsten Generation Die Infrastruktur von RadioLED Core Network ist ein Mesh-Netzwerk, das aus Hardware- und Softwarekomponenten besteht, die als Multipoint-Knoten bezeichnet werden und \u00fcber ein Kontrollpanel zur Messung und \u00dcberwachung verwaltet werden k\u00f6nnen. \u00dcber das Produkt Eine Infrastrukturplattform, die auf den autonomen Betrieb und strategische Skalierbarkeit ausgelegt ist. Eine drahtlose Mesh-Netzwerktechnologie der [&hellip;]","og_url":"https:\/\/consultingbsd.com\/en\/communication-technology\/","og_site_name":"bsd Consulting Services","article_modified_time":"2026-04-10T16:12:26+00:00","og_image":[{"width":2560,"height":1099,"url":"https:\/\/consultingbsd.com\/wp-content\/uploads\/2026\/04\/RadioLEDFunktionsweise-scaled.png","type":"image\/png"}],"twitter_card":"summary_large_image","twitter_misc":{"Est. reading time":"1 minute"},"schema":{"@context":"https:\/\/schema.org","@graph":[{"@type":"WebPage","@id":"https:\/\/consultingbsd.com\/communication-technology\/","url":"https:\/\/consultingbsd.com\/communication-technology\/","name":"Communication Technology - bsd Consulting Services","isPartOf":{"@id":"https:\/\/consultingbsd.com\/#website"},"primaryImageOfPage":{"@id":"https:\/\/consultingbsd.com\/communication-technology\/#primaryimage"},"image":{"@id":"https:\/\/consultingbsd.com\/communication-technology\/#primaryimage"},"thumbnailUrl":"https:\/\/consultingbsd.com\/wp-content\/uploads\/2026\/04\/RadioLEDFunktionsweise-1024x440.png","datePublished":"2026-02-28T01:21:23+00:00","dateModified":"2026-04-10T16:12:26+00:00","breadcrumb":{"@id":"https:\/\/consultingbsd.com\/communication-technology\/#breadcrumb"},"inLanguage":"en-US","potentialAction":[{"@type":"ReadAction","target":["https:\/\/consultingbsd.com\/communication-technology\/"]}]},{"@type":"ImageObject","inLanguage":"en-US","@id":"https:\/\/consultingbsd.com\/communication-technology\/#primaryimage","url":"https:\/\/consultingbsd.com\/wp-content\/uploads\/2026\/04\/RadioLEDFunktionsweise-1024x440.png","contentUrl":"https:\/\/consultingbsd.com\/wp-content\/uploads\/2026\/04\/RadioLEDFunktionsweise-1024x440.png"},{"@type":"BreadcrumbList","@id":"https:\/\/consultingbsd.com\/communication-technology\/#breadcrumb","itemListElement":[{"@type":"ListItem","position":1,"name":"Home","item":"https:\/\/consultingbsd.com\/"},{"@type":"ListItem","position":2,"name":"Communication Technology"}]},{"@type":"WebSite","@id":"https:\/\/consultingbsd.com\/#website","url":"https:\/\/consultingbsd.com\/","name":"bsd Consulting Services","description":"Website Barreto Schmidt Consulting Services GmbH","publisher":{"@id":"https:\/\/consultingbsd.com\/#organization"},"inLanguage":"en-US"},{"@type":"Organization","@id":"https:\/\/consultingbsd.com\/#organization","name":"bsd Consulting Services","url":"https:\/\/consultingbsd.com\/","logo":{"@type":"ImageObject","inLanguage":"en-US","@id":"https:\/\/consultingbsd.com\/#\/schema\/logo\/image\/","url":"https:\/\/consultingbsd.com\/wp-content\/uploads\/2023\/09\/Logo-Footer.png","contentUrl":"https:\/\/consultingbsd.com\/wp-content\/uploads\/2023\/09\/Logo-Footer.png","width":5990,"height":3322,"caption":"bsd Consulting Services"},"image":{"@id":"https:\/\/consultingbsd.com\/#\/schema\/logo\/image\/"}}]}},"_links":{"self":[{"href":"https:\/\/consultingbsd.com\/en\/wp-json\/wp\/v2\/pages\/2676","targetHints":{"allow":["GET"]}}],"collection":[{"href":"https:\/\/consultingbsd.com\/en\/wp-json\/wp\/v2\/pages"}],"about":[{"href":"https:\/\/consultingbsd.com\/en\/wp-json\/wp\/v2\/types\/page"}],"author":[{"embeddable":true,"href":"https:\/\/consultingbsd.com\/en\/wp-json\/wp\/v2\/users\/4"}],"replies":[{"embeddable":true,"href":"https:\/\/consultingbsd.com\/en\/wp-json\/wp\/v2\/comments?post=2676"}],"version-history":[{"count":16,"href":"https:\/\/consultingbsd.com\/en\/wp-json\/wp\/v2\/pages\/2676\/revisions"}],"predecessor-version":[{"id":3553,"href":"https:\/\/consultingbsd.com\/en\/wp-json\/wp\/v2\/pages\/2676\/revisions\/3553"}],"wp:attachment":[{"href":"https:\/\/consultingbsd.com\/en\/wp-json\/wp\/v2\/media?parent=2676"}],"curies":[{"name":"wp","href":"https:\/\/api.w.org\/{rel}","templated":true}]}}