{"id":3126,"date":"2026-03-12T21:15:17","date_gmt":"2026-03-12T21:15:17","guid":{"rendered":"https:\/\/consultingbsd.com\/?page_id=3126"},"modified":"2026-03-13T23:17:38","modified_gmt":"2026-03-13T23:17:38","slug":"about","status":"publish","type":"page","link":"https:\/\/consultingbsd.com\/en\/about\/","title":{"rendered":"About"},"content":{"rendered":"<div data-elementor-type=\"wp-page\" data-elementor-id=\"3126\" class=\"elementor elementor-3126\" data-elementor-post-type=\"page\">\n\t\t\t\t<div class=\"elementor-element elementor-element-2c3b43d e-flex e-con-boxed e-con e-parent\" data-id=\"2c3b43d\" data-element_type=\"container\" data-e-type=\"container\" data-settings=\"{&quot;background_background&quot;:&quot;classic&quot;}\">\n\t\t\t\t\t<div class=\"e-con-inner\">\n\t\t\t\t<div class=\"elementor-element elementor-element-01aad85 elementor-widget elementor-widget-spacer\" data-id=\"01aad85\" data-element_type=\"widget\" data-e-type=\"widget\" data-widget_type=\"spacer.default\">\n\t\t\t\t<div class=\"elementor-widget-container\">\n\t\t\t\t\t\t\t<div class=\"elementor-spacer\">\n\t\t\t<div class=\"elementor-spacer-inner\"><\/div>\n\t\t<\/div>\n\t\t\t\t\t\t<\/div>\n\t\t\t\t<\/div>\n\t\t\t\t<div class=\"elementor-element elementor-element-cd06023 elementor-widget elementor-widget-heading\" data-id=\"cd06023\" data-element_type=\"widget\" data-e-type=\"widget\" data-widget_type=\"heading.default\">\n\t\t\t\t<div class=\"elementor-widget-container\">\n\t\t\t\t\t<h2 class=\"elementor-heading-title elementor-size-default\">About us<\/h2>\t\t\t\t<\/div>\n\t\t\t\t<\/div>\n\t\t\t\t<div class=\"elementor-element elementor-element-351e93c elementor-widget elementor-widget-spacer\" data-id=\"351e93c\" data-element_type=\"widget\" data-e-type=\"widget\" data-widget_type=\"spacer.default\">\n\t\t\t\t<div class=\"elementor-widget-container\">\n\t\t\t\t\t\t\t<div class=\"elementor-spacer\">\n\t\t\t<div class=\"elementor-spacer-inner\"><\/div>\n\t\t<\/div>\n\t\t\t\t\t\t<\/div>\n\t\t\t\t<\/div>\n\t\t\t\t\t<\/div>\n\t\t\t\t<\/div>\n\t\t<div class=\"elementor-element elementor-element-7ace127 e-flex e-con-boxed e-con e-parent\" data-id=\"7ace127\" data-element_type=\"container\" data-e-type=\"container\" data-settings=\"{&quot;background_background&quot;:&quot;classic&quot;}\">\n\t\t\t\t\t<div class=\"e-con-inner\">\n\t\t\t\t<div class=\"elementor-element elementor-element-60686fc elementor-widget elementor-widget-text-editor\" data-id=\"60686fc\" data-element_type=\"widget\" data-e-type=\"widget\" data-widget_type=\"text-editor.default\">\n\t\t\t\t<div class=\"elementor-widget-container\">\n\t\t\t\t\t\t\t\t\t<p>Our passion lies in digitalization along the production and supply chain.\u00a0<\/p><p>We see ourselves as a bridge for high-quality production and supply chain solutions between the European and Brazilian markets.\u00a0<span style=\"font-style: inherit; font-weight: inherit;\">With many years of experience in both markets and an extensive network of partners, we ensure smooth on-site implementation and stand for reliable cooperation.<\/span><\/p>\t\t\t\t\t\t\t\t<\/div>\n\t\t\t\t<\/div>\n\t\t\t\t<div class=\"elementor-element elementor-element-af2e7ee elementor-widget elementor-widget-spacer\" data-id=\"af2e7ee\" data-element_type=\"widget\" data-e-type=\"widget\" data-widget_type=\"spacer.default\">\n\t\t\t\t<div class=\"elementor-widget-container\">\n\t\t\t\t\t\t\t<div class=\"elementor-spacer\">\n\t\t\t<div class=\"elementor-spacer-inner\"><\/div>\n\t\t<\/div>\n\t\t\t\t\t\t<\/div>\n\t\t\t\t<\/div>\n\t\t\t\t<div class=\"elementor-element elementor-element-b9b08a5 elementor-widget elementor-widget-heading\" data-id=\"b9b08a5\" data-element_type=\"widget\" data-e-type=\"widget\" data-widget_type=\"heading.default\">\n\t\t\t\t<div class=\"elementor-widget-container\">\n\t\t\t\t\t<h2 class=\"elementor-heading-title elementor-size-default\">Our values<\/h2>\t\t\t\t<\/div>\n\t\t\t\t<\/div>\n\t\t\t\t<div class=\"elementor-element elementor-element-f5060eb elementor-pagination-position-inside elementor-arrows-position-inside elementor-widget elementor-widget-image-carousel\" data-id=\"f5060eb\" data-element_type=\"widget\" data-e-type=\"widget\" data-settings=\"{&quot;slides_to_show&quot;:&quot;1&quot;,&quot;navigation&quot;:&quot;both&quot;,&quot;autoplay&quot;:&quot;yes&quot;,&quot;pause_on_hover&quot;:&quot;yes&quot;,&quot;pause_on_interaction&quot;:&quot;yes&quot;,&quot;autoplay_speed&quot;:5000,&quot;infinite&quot;:&quot;yes&quot;,&quot;effect&quot;:&quot;slide&quot;,&quot;speed&quot;:500}\" data-widget_type=\"image-carousel.default\">\n\t\t\t\t<div class=\"elementor-widget-container\">\n\t\t\t\t\t\t\t<div class=\"elementor-image-carousel-wrapper swiper\" role=\"region\" aria-roledescription=\"carousel\" aria-label=\"Image Carousel\" dir=\"ltr\">\n\t\t\t<div class=\"elementor-image-carousel swiper-wrapper\" aria-live=\"off\">\n\t\t\t\t\t\t\t\t<div class=\"swiper-slide\" role=\"group\" aria-roledescription=\"slide\" aria-label=\"1 de 6\" data-no-translation-aria-label=\"\"><figure class=\"swiper-slide-inner\"><img decoding=\"async\" class=\"swiper-slide-image\" src=\"https:\/\/consultingbsd.com\/wp-content\/uploads\/2023\/10\/15.png\" alt=\"Innovation, wir schauen \u00fcber den Tellerrand hinaus\" \/><\/figure><\/div><div class=\"swiper-slide\" role=\"group\" aria-roledescription=\"slide\" aria-label=\"2 de 6\" data-no-translation-aria-label=\"\"><figure class=\"swiper-slide-inner\"><img decoding=\"async\" class=\"swiper-slide-image\" src=\"https:\/\/consultingbsd.com\/wp-content\/uploads\/2023\/10\/6.png\" alt=\"Integrit\u00e4t, wir beraten Fakten basiert\" \/><\/figure><\/div><div class=\"swiper-slide\" role=\"group\" aria-roledescription=\"slide\" aria-label=\"3 de 6\" data-no-translation-aria-label=\"\"><figure class=\"swiper-slide-inner\"><img decoding=\"async\" class=\"swiper-slide-image\" src=\"https:\/\/consultingbsd.com\/wp-content\/uploads\/2023\/10\/3.png\" alt=\"Kundenfreundlichkeit, wir sehen uns als Ihr Mitarbeiter\" \/><\/figure><\/div><div class=\"swiper-slide\" role=\"group\" aria-roledescription=\"slide\" aria-label=\"4 de 6\" data-no-translation-aria-label=\"\"><figure class=\"swiper-slide-inner\"><img decoding=\"async\" class=\"swiper-slide-image\" src=\"https:\/\/consultingbsd.com\/wp-content\/uploads\/2023\/10\/18.png\" alt=\"Nachhaltigkeit, wir finden gemeinsam langfristige L\u00f6sungen\" \/><\/figure><\/div><div class=\"swiper-slide\" role=\"group\" aria-roledescription=\"slide\" aria-label=\"5 de 6\" data-no-translation-aria-label=\"\"><figure class=\"swiper-slide-inner\"><img decoding=\"async\" class=\"swiper-slide-image\" src=\"https:\/\/consultingbsd.com\/wp-content\/uploads\/2023\/10\/9.png\" alt=\"Offenheit, wir bennen die Herausforderungen\" \/><\/figure><\/div><div class=\"swiper-slide\" role=\"group\" aria-roledescription=\"slide\" aria-label=\"6 de 6\" data-no-translation-aria-label=\"\"><figure class=\"swiper-slide-inner\"><img decoding=\"async\" class=\"swiper-slide-image\" src=\"https:\/\/consultingbsd.com\/wp-content\/uploads\/2023\/10\/Quality.png\" alt=\"Qualit\u00e4t, wir machen keine halben Sachen\" \/><\/figure><\/div>\t\t\t<\/div>\n\t\t\t\t\t\t\t\t\t\t\t\t<div class=\"elementor-swiper-button elementor-swiper-button-prev\" role=\"button\" tabindex=\"0\">\n\t\t\t\t\t\t<i aria-hidden=\"true\" class=\"eicon-chevron-left\"><\/i>\t\t\t\t\t<\/div>\n\t\t\t\t\t<div class=\"elementor-swiper-button elementor-swiper-button-next\" role=\"button\" tabindex=\"0\">\n\t\t\t\t\t\t<i aria-hidden=\"true\" class=\"eicon-chevron-right\"><\/i>\t\t\t\t\t<\/div>\n\t\t\t\t\n\t\t\t\t\t\t\t\t\t<div class=\"swiper-pagination\"><\/div>\n\t\t\t\t\t\t\t\t\t<\/div>\n\t\t\t\t\t\t<\/div>\n\t\t\t\t<\/div>\n\t\t\t\t\t<\/div>\n\t\t\t\t<\/div>\n\t\t<div class=\"elementor-element elementor-element-0688406 e-flex e-con-boxed e-con e-parent\" data-id=\"0688406\" data-element_type=\"container\" data-e-type=\"container\" data-settings=\"{&quot;background_background&quot;:&quot;classic&quot;}\">\n\t\t\t\t\t<div class=\"e-con-inner\">\n\t\t\t\t<div class=\"elementor-element elementor-element-ca758c8 elementor-widget elementor-widget-heading\" data-id=\"ca758c8\" data-element_type=\"widget\" data-e-type=\"widget\" data-widget_type=\"heading.default\">\n\t\t\t\t<div class=\"elementor-widget-container\">\n\t\t\t\t\t<h2 class=\"elementor-heading-title elementor-size-default\">You can look forward to a successful cooperation<\/h2>\t\t\t\t<\/div>\n\t\t\t\t<\/div>\n\t\t\t\t\t<\/div>\n\t\t\t\t<\/div>\n\t\t<div class=\"elementor-element elementor-element-357abc5 e-flex e-con-boxed e-con e-parent\" data-id=\"357abc5\" data-element_type=\"container\" data-e-type=\"container\" data-settings=\"{&quot;background_background&quot;:&quot;classic&quot;}\">\n\t\t\t\t\t<div class=\"e-con-inner\">\n\t\t\t\t<div class=\"elementor-element elementor-element-f1181e5 elementor-widget elementor-widget-spacer\" data-id=\"f1181e5\" data-element_type=\"widget\" data-e-type=\"widget\" data-widget_type=\"spacer.default\">\n\t\t\t\t<div class=\"elementor-widget-container\">\n\t\t\t\t\t\t\t<div class=\"elementor-spacer\">\n\t\t\t<div class=\"elementor-spacer-inner\"><\/div>\n\t\t<\/div>\n\t\t\t\t\t\t<\/div>\n\t\t\t\t<\/div>\n\t\t\t\t<div class=\"elementor-element elementor-element-03983fc elementor-widget elementor-widget-heading\" data-id=\"03983fc\" data-element_type=\"widget\" data-e-type=\"widget\" data-widget_type=\"heading.default\">\n\t\t\t\t<div class=\"elementor-widget-container\">\n\t\t\t\t\t<h2 class=\"elementor-heading-title elementor-size-default\">Our <br> Service promise <br> to you<\/h2>\t\t\t\t<\/div>\n\t\t\t\t<\/div>\n\t\t\t\t<div class=\"elementor-element elementor-element-ef6d854 elementor-widget elementor-widget-image\" data-id=\"ef6d854\" data-element_type=\"widget\" data-e-type=\"widget\" data-widget_type=\"image.default\">\n\t\t\t\t<div class=\"elementor-widget-container\">\n\t\t\t\t\t\t\t\t\t\t\t\t\t\t\t<img fetchpriority=\"high\" decoding=\"async\" width=\"768\" height=\"432\" src=\"https:\/\/consultingbsd.com\/wp-content\/uploads\/2023\/10\/21-2.png\" class=\"attachment-medium_large size-medium_large wp-image-2411\" alt=\"Von der Strategie \u00fcber das Konzept bis zur Umsetzung sind wir Ihr verl\u00e4sslicher Partner.\" srcset=\"https:\/\/consultingbsd.com\/wp-content\/uploads\/2023\/10\/21-2.png 6000w, https:\/\/consultingbsd.com\/wp-content\/uploads\/2023\/10\/21-2-300x169.png 300w, https:\/\/consultingbsd.com\/wp-content\/uploads\/2023\/10\/21-2-1024x576.png 1024w, https:\/\/consultingbsd.com\/wp-content\/uploads\/2023\/10\/21-2-768x432.png 768w, https:\/\/consultingbsd.com\/wp-content\/uploads\/2023\/10\/21-2-1536x864.png 1536w, https:\/\/consultingbsd.com\/wp-content\/uploads\/2023\/10\/21-2-2048x1152.png 2048w, https:\/\/consultingbsd.com\/wp-content\/uploads\/2023\/10\/21-2-18x10.png 18w\" sizes=\"(max-width: 768px) 100vw, 768px\" \/>\t\t\t\t\t\t\t\t\t\t\t\t\t\t\t<\/div>\n\t\t\t\t<\/div>\n\t\t\t\t<div class=\"elementor-element elementor-element-192c4ea elementor-widget elementor-widget-spacer\" data-id=\"192c4ea\" data-element_type=\"widget\" data-e-type=\"widget\" data-widget_type=\"spacer.default\">\n\t\t\t\t<div class=\"elementor-widget-container\">\n\t\t\t\t\t\t\t<div class=\"elementor-spacer\">\n\t\t\t<div class=\"elementor-spacer-inner\"><\/div>\n\t\t<\/div>\n\t\t\t\t\t\t<\/div>\n\t\t\t\t<\/div>\n\t\t\t\t<div class=\"elementor-element elementor-element-b130c33 elementor-widget elementor-widget-text-editor\" data-id=\"b130c33\" data-element_type=\"widget\" data-e-type=\"widget\" data-widget_type=\"text-editor.default\">\n\t\t\t\t<div class=\"elementor-widget-container\">\n\t\t\t\t\t\t\t\t\t<p>We accompany you<\/p><p>from the <b>STRATEGY<\/b><br \/>via the <b>CONCEPT<\/b><br \/>to the concrete <b>IMPLEMENTATION<\/b><\/p><p>No matter in which stage your project is \u2013 together with you we lead the project to success.<\/p>\t\t\t\t\t\t\t\t<\/div>\n\t\t\t\t<\/div>\n\t\t\t\t<div class=\"elementor-element elementor-element-a16e6e2 elementor-widget elementor-widget-spacer\" data-id=\"a16e6e2\" data-element_type=\"widget\" data-e-type=\"widget\" data-widget_type=\"spacer.default\">\n\t\t\t\t<div class=\"elementor-widget-container\">\n\t\t\t\t\t\t\t<div class=\"elementor-spacer\">\n\t\t\t<div class=\"elementor-spacer-inner\"><\/div>\n\t\t<\/div>\n\t\t\t\t\t\t<\/div>\n\t\t\t\t<\/div>\n\t\t\t\t\t<\/div>\n\t\t\t\t<\/div>\n\t\t\t\t<\/div>","protected":false},"excerpt":{"rendered":"<p>\u00dcber Uns Unsere Leidenschaft liegt in der Digitalisierung entlang der Produktion und der Supply Chain.\u00a0 Wir verstehen uns als Br\u00fccke f\u00fcr hochwertige Produktions,- und Supply Chain L\u00f6sungen zwischen dem europ\u00e4ischen und brasilianischen Markt.\u00a0Mit langj\u00e4hriger Erfahrung in den beiden M\u00e4rkten sowie einem umfangreichen Netzwerk aus Partnern, sorgen wir f\u00fcr eine reibungslose vor Ort Implementierung und stehen [&hellip;]<\/p>\n","protected":false},"author":4,"featured_media":0,"parent":0,"menu_order":0,"comment_status":"closed","ping_status":"closed","template":"","meta":{"site-sidebar-layout":"no-sidebar","site-content-layout":"page-builder","ast-site-content-layout":"full-width-container","site-content-style":"default","site-sidebar-style":"default","ast-global-header-display":"","ast-banner-title-visibility":"","ast-main-header-display":"","ast-hfb-above-header-display":"","ast-hfb-below-header-display":"","ast-hfb-mobile-header-display":"","site-post-title":"disabled","ast-breadcrumbs-content":"","ast-featured-img":"disabled","footer-sml-layout":"","ast-disable-related-posts":"","theme-transparent-header-meta":"","adv-header-id-meta":"","stick-header-meta":"","header-above-stick-meta":"","header-main-stick-meta":"","header-below-stick-meta":"","astra-migrate-meta-layouts":"set","ast-page-background-enabled":"default","ast-page-background-meta":{"desktop":{"background-color":"var(--ast-global-color-4)","background-image":"","background-repeat":"repeat","background-position":"center center","background-size":"auto","background-attachment":"scroll","background-type":"","background-media":"","overlay-type":"","overlay-color":"","overlay-opacity":"","overlay-gradient":""},"tablet":{"background-color":"","background-image":"","background-repeat":"repeat","background-position":"center center","background-size":"auto","background-attachment":"scroll","background-type":"","background-media":"","overlay-type":"","overlay-color":"","overlay-opacity":"","overlay-gradient":""},"mobile":{"background-color":"","background-image":"","background-repeat":"repeat","background-position":"center center","background-size":"auto","background-attachment":"scroll","background-type":"","background-media":"","overlay-type":"","overlay-color":"","overlay-opacity":"","overlay-gradient":""}},"ast-content-background-meta":{"desktop":{"background-color":"var(--ast-global-color-5)","background-image":"","background-repeat":"repeat","background-position":"center center","background-size":"auto","background-attachment":"scroll","background-type":"","background-media":"","overlay-type":"","overlay-color":"","overlay-opacity":"","overlay-gradient":""},"tablet":{"background-color":"var(--ast-global-color-5)","background-image":"","background-repeat":"repeat","background-position":"center center","background-size":"auto","background-attachment":"scroll","background-type":"","background-media":"","overlay-type":"","overlay-color":"","overlay-opacity":"","overlay-gradient":""},"mobile":{"background-color":"var(--ast-global-color-5)","background-image":"","background-repeat":"repeat","background-position":"center center","background-size":"auto","background-attachment":"scroll","background-type":"","background-media":"","overlay-type":"","overlay-color":"","overlay-opacity":"","overlay-gradient":""}},"footnotes":""},"class_list":["post-3126","page","type-page","status-publish","hentry"],"yoast_head":"<!-- This site is optimized with the Yoast SEO plugin v27.4 - https:\/\/yoast.com\/product\/yoast-seo-wordpress\/ -->\n<title>About - bsd Consulting Services<\/title>\n<meta name=\"robots\" content=\"index, follow, max-snippet:-1, max-image-preview:large, max-video-preview:-1\" \/>\n<link rel=\"canonical\" href=\"https:\/\/consultingbsd.com\/en\/about\/\" \/>\n<meta property=\"og:locale\" content=\"en_US\" \/>\n<meta property=\"og:type\" content=\"article\" \/>\n<meta property=\"og:title\" content=\"About - bsd Consulting Services\" \/>\n<meta property=\"og:description\" content=\"\u00dcber Uns Unsere Leidenschaft liegt in der Digitalisierung entlang der Produktion und der Supply Chain.\u00a0 Wir verstehen uns als Br\u00fccke f\u00fcr hochwertige Produktions,- und Supply Chain L\u00f6sungen zwischen dem europ\u00e4ischen und brasilianischen Markt.\u00a0Mit langj\u00e4hriger Erfahrung in den beiden M\u00e4rkten sowie einem umfangreichen Netzwerk aus Partnern, sorgen wir f\u00fcr eine reibungslose vor Ort Implementierung und stehen [&hellip;]\" \/>\n<meta property=\"og:url\" content=\"https:\/\/consultingbsd.com\/en\/about\/\" \/>\n<meta property=\"og:site_name\" content=\"bsd Consulting Services\" \/>\n<meta property=\"article:modified_time\" content=\"2026-03-13T23:17:38+00:00\" \/>\n<meta property=\"og:image\" content=\"https:\/\/consultingbsd.com\/wp-content\/uploads\/2023\/10\/13-768x432.png\" \/>\n<meta name=\"twitter:card\" content=\"summary_large_image\" \/>\n<meta name=\"twitter:label1\" content=\"Est. reading time\" \/>\n\t<meta name=\"twitter:data1\" content=\"3 minutes\" \/>\n<script type=\"application\/ld+json\" class=\"yoast-schema-graph\">{\"@context\":\"https:\\\/\\\/schema.org\",\"@graph\":[{\"@type\":\"WebPage\",\"@id\":\"https:\\\/\\\/consultingbsd.com\\\/about\\\/\",\"url\":\"https:\\\/\\\/consultingbsd.com\\\/about\\\/\",\"name\":\"About - bsd Consulting Services\",\"isPartOf\":{\"@id\":\"https:\\\/\\\/consultingbsd.com\\\/#website\"},\"primaryImageOfPage\":{\"@id\":\"https:\\\/\\\/consultingbsd.com\\\/about\\\/#primaryimage\"},\"image\":{\"@id\":\"https:\\\/\\\/consultingbsd.com\\\/about\\\/#primaryimage\"},\"thumbnailUrl\":\"https:\\\/\\\/consultingbsd.com\\\/wp-content\\\/uploads\\\/2023\\\/10\\\/13-768x432.png\",\"datePublished\":\"2026-03-12T21:15:17+00:00\",\"dateModified\":\"2026-03-13T23:17:38+00:00\",\"breadcrumb\":{\"@id\":\"https:\\\/\\\/consultingbsd.com\\\/about\\\/#breadcrumb\"},\"inLanguage\":\"en-US\",\"potentialAction\":[{\"@type\":\"ReadAction\",\"target\":[\"https:\\\/\\\/consultingbsd.com\\\/about\\\/\"]}]},{\"@type\":\"ImageObject\",\"inLanguage\":\"en-US\",\"@id\":\"https:\\\/\\\/consultingbsd.com\\\/about\\\/#primaryimage\",\"url\":\"https:\\\/\\\/consultingbsd.com\\\/wp-content\\\/uploads\\\/2023\\\/10\\\/13-768x432.png\",\"contentUrl\":\"https:\\\/\\\/consultingbsd.com\\\/wp-content\\\/uploads\\\/2023\\\/10\\\/13-768x432.png\"},{\"@type\":\"BreadcrumbList\",\"@id\":\"https:\\\/\\\/consultingbsd.com\\\/about\\\/#breadcrumb\",\"itemListElement\":[{\"@type\":\"ListItem\",\"position\":1,\"name\":\"Home\",\"item\":\"https:\\\/\\\/consultingbsd.com\\\/\"},{\"@type\":\"ListItem\",\"position\":2,\"name\":\"About\"}]},{\"@type\":\"WebSite\",\"@id\":\"https:\\\/\\\/consultingbsd.com\\\/#website\",\"url\":\"https:\\\/\\\/consultingbsd.com\\\/\",\"name\":\"bsd Consulting Services\",\"description\":\"Website Barreto Schmidt Consulting Services GmbH\",\"publisher\":{\"@id\":\"https:\\\/\\\/consultingbsd.com\\\/#organization\"},\"inLanguage\":\"en-US\"},{\"@type\":\"Organization\",\"@id\":\"https:\\\/\\\/consultingbsd.com\\\/#organization\",\"name\":\"bsd Consulting Services\",\"url\":\"https:\\\/\\\/consultingbsd.com\\\/\",\"logo\":{\"@type\":\"ImageObject\",\"inLanguage\":\"en-US\",\"@id\":\"https:\\\/\\\/consultingbsd.com\\\/#\\\/schema\\\/logo\\\/image\\\/\",\"url\":\"https:\\\/\\\/consultingbsd.com\\\/wp-content\\\/uploads\\\/2023\\\/09\\\/Logo-Footer.png\",\"contentUrl\":\"https:\\\/\\\/consultingbsd.com\\\/wp-content\\\/uploads\\\/2023\\\/09\\\/Logo-Footer.png\",\"width\":5990,\"height\":3322,\"caption\":\"bsd Consulting Services\"},\"image\":{\"@id\":\"https:\\\/\\\/consultingbsd.com\\\/#\\\/schema\\\/logo\\\/image\\\/\"}}]}<\/script>\n<!-- \/ Yoast SEO plugin. -->","yoast_head_json":{"title":"About - bsd Consulting Services","robots":{"index":"index","follow":"follow","max-snippet":"max-snippet:-1","max-image-preview":"max-image-preview:large","max-video-preview":"max-video-preview:-1"},"canonical":"https:\/\/consultingbsd.com\/en\/about\/","og_locale":"en_US","og_type":"article","og_title":"About - bsd Consulting Services","og_description":"\u00dcber Uns Unsere Leidenschaft liegt in der Digitalisierung entlang der Produktion und der Supply Chain.\u00a0 Wir verstehen uns als Br\u00fccke f\u00fcr hochwertige Produktions,- und Supply Chain L\u00f6sungen zwischen dem europ\u00e4ischen und brasilianischen Markt.\u00a0Mit langj\u00e4hriger Erfahrung in den beiden M\u00e4rkten sowie einem umfangreichen Netzwerk aus Partnern, sorgen wir f\u00fcr eine reibungslose vor Ort Implementierung und stehen [&hellip;]","og_url":"https:\/\/consultingbsd.com\/en\/about\/","og_site_name":"bsd Consulting Services","article_modified_time":"2026-03-13T23:17:38+00:00","og_image":[{"url":"https:\/\/consultingbsd.com\/wp-content\/uploads\/2023\/10\/13-768x432.png","type":"","width":"","height":""}],"twitter_card":"summary_large_image","twitter_misc":{"Est. reading time":"3 minutes"},"schema":{"@context":"https:\/\/schema.org","@graph":[{"@type":"WebPage","@id":"https:\/\/consultingbsd.com\/about\/","url":"https:\/\/consultingbsd.com\/about\/","name":"About - bsd Consulting Services","isPartOf":{"@id":"https:\/\/consultingbsd.com\/#website"},"primaryImageOfPage":{"@id":"https:\/\/consultingbsd.com\/about\/#primaryimage"},"image":{"@id":"https:\/\/consultingbsd.com\/about\/#primaryimage"},"thumbnailUrl":"https:\/\/consultingbsd.com\/wp-content\/uploads\/2023\/10\/13-768x432.png","datePublished":"2026-03-12T21:15:17+00:00","dateModified":"2026-03-13T23:17:38+00:00","breadcrumb":{"@id":"https:\/\/consultingbsd.com\/about\/#breadcrumb"},"inLanguage":"en-US","potentialAction":[{"@type":"ReadAction","target":["https:\/\/consultingbsd.com\/about\/"]}]},{"@type":"ImageObject","inLanguage":"en-US","@id":"https:\/\/consultingbsd.com\/about\/#primaryimage","url":"https:\/\/consultingbsd.com\/wp-content\/uploads\/2023\/10\/13-768x432.png","contentUrl":"https:\/\/consultingbsd.com\/wp-content\/uploads\/2023\/10\/13-768x432.png"},{"@type":"BreadcrumbList","@id":"https:\/\/consultingbsd.com\/about\/#breadcrumb","itemListElement":[{"@type":"ListItem","position":1,"name":"Home","item":"https:\/\/consultingbsd.com\/"},{"@type":"ListItem","position":2,"name":"About"}]},{"@type":"WebSite","@id":"https:\/\/consultingbsd.com\/#website","url":"https:\/\/consultingbsd.com\/","name":"bsd Consulting Services","description":"Website Barreto Schmidt Consulting Services GmbH","publisher":{"@id":"https:\/\/consultingbsd.com\/#organization"},"inLanguage":"en-US"},{"@type":"Organization","@id":"https:\/\/consultingbsd.com\/#organization","name":"bsd Consulting Services","url":"https:\/\/consultingbsd.com\/","logo":{"@type":"ImageObject","inLanguage":"en-US","@id":"https:\/\/consultingbsd.com\/#\/schema\/logo\/image\/","url":"https:\/\/consultingbsd.com\/wp-content\/uploads\/2023\/09\/Logo-Footer.png","contentUrl":"https:\/\/consultingbsd.com\/wp-content\/uploads\/2023\/09\/Logo-Footer.png","width":5990,"height":3322,"caption":"bsd Consulting Services"},"image":{"@id":"https:\/\/consultingbsd.com\/#\/schema\/logo\/image\/"}}]}},"_links":{"self":[{"href":"https:\/\/consultingbsd.com\/en\/wp-json\/wp\/v2\/pages\/3126","targetHints":{"allow":["GET"]}}],"collection":[{"href":"https:\/\/consultingbsd.com\/en\/wp-json\/wp\/v2\/pages"}],"about":[{"href":"https:\/\/consultingbsd.com\/en\/wp-json\/wp\/v2\/types\/page"}],"author":[{"embeddable":true,"href":"https:\/\/consultingbsd.com\/en\/wp-json\/wp\/v2\/users\/4"}],"replies":[{"embeddable":true,"href":"https:\/\/consultingbsd.com\/en\/wp-json\/wp\/v2\/comments?post=3126"}],"version-history":[{"count":55,"href":"https:\/\/consultingbsd.com\/en\/wp-json\/wp\/v2\/pages\/3126\/revisions"}],"predecessor-version":[{"id":3389,"href":"https:\/\/consultingbsd.com\/en\/wp-json\/wp\/v2\/pages\/3126\/revisions\/3389"}],"wp:attachment":[{"href":"https:\/\/consultingbsd.com\/en\/wp-json\/wp\/v2\/media?parent=3126"}],"curies":[{"name":"wp","href":"https:\/\/api.w.org\/{rel}","templated":true}]}}