{"id":2660,"date":"2026-02-27T23:17:22","date_gmt":"2026-02-27T23:17:22","guid":{"rendered":"https:\/\/consultingbsd.com\/?page_id=2660"},"modified":"2026-04-16T15:45:46","modified_gmt":"2026-04-16T15:45:46","slug":"manufacturing-solutions","status":"publish","type":"page","link":"https:\/\/consultingbsd.com\/pt\/manufacturing-solutions\/","title":{"rendered":"Manufacturing Solutions"},"content":{"rendered":"<div data-elementor-type=\"wp-page\" data-elementor-id=\"2660\" class=\"elementor elementor-2660\" data-elementor-post-type=\"page\">\n\t\t\t\t<div class=\"elementor-element elementor-element-70eb337 e-flex e-con-boxed e-con e-parent\" data-id=\"70eb337\" data-element_type=\"container\" data-e-type=\"container\" data-settings=\"{&quot;background_background&quot;:&quot;classic&quot;}\">\n\t\t\t\t\t<div class=\"e-con-inner\">\n\t\t\t\t<div class=\"elementor-element elementor-element-547783c elementor-widget elementor-widget-spacer\" data-id=\"547783c\" data-element_type=\"widget\" data-e-type=\"widget\" data-widget_type=\"spacer.default\">\n\t\t\t\t<div class=\"elementor-widget-container\">\n\t\t\t\t\t\t\t<div class=\"elementor-spacer\">\n\t\t\t<div class=\"elementor-spacer-inner\"><\/div>\n\t\t<\/div>\n\t\t\t\t\t\t<\/div>\n\t\t\t\t<\/div>\n\t\t\t\t<div class=\"elementor-element elementor-element-3e5ee26 elementor-widget elementor-widget-heading\" data-id=\"3e5ee26\" data-element_type=\"widget\" data-e-type=\"widget\" data-widget_type=\"heading.default\">\n\t\t\t\t<div class=\"elementor-widget-container\">\n\t\t\t\t\t<h2 class=\"elementor-heading-title elementor-size-default\">Sistemas de Execu\u00e7\u00e3o da Produ\u00e7\u00e3o (MES)<\/h2>\t\t\t\t<\/div>\n\t\t\t\t<\/div>\n\t\t<div class=\"elementor-element elementor-element-dc9a614 e-con-full e-flex e-con e-child\" data-id=\"dc9a614\" data-element_type=\"container\" data-e-type=\"container\">\n\t\t\t\t<div class=\"elementor-element elementor-element-adcefc0 elementor-widget elementor-widget-spacer\" data-id=\"adcefc0\" data-element_type=\"widget\" data-e-type=\"widget\" data-widget_type=\"spacer.default\">\n\t\t\t\t<div class=\"elementor-widget-container\">\n\t\t\t\t\t\t\t<div class=\"elementor-spacer\">\n\t\t\t<div class=\"elementor-spacer-inner\"><\/div>\n\t\t<\/div>\n\t\t\t\t\t\t<\/div>\n\t\t\t\t<\/div>\n\t\t\t\t<div class=\"elementor-element elementor-element-f8af6ae elementor-widget elementor-widget-heading\" data-id=\"f8af6ae\" data-element_type=\"widget\" data-e-type=\"widget\" data-widget_type=\"heading.default\">\n\t\t\t\t<div class=\"elementor-widget-container\">\n\t\t\t\t\t<h2 class=\"elementor-heading-title elementor-size-default\">O que oferecem os sistemas MES<\/h2>\t\t\t\t<\/div>\n\t\t\t\t<\/div>\n\t\t\t\t<\/div>\n\t\t\t\t<div class=\"elementor-element elementor-element-5aba545 elementor-widget elementor-widget-text-editor\" data-id=\"5aba545\" data-element_type=\"widget\" data-e-type=\"widget\" data-widget_type=\"text-editor.default\">\n\t\t\t\t<div class=\"elementor-widget-container\">\n\t\t\t\t\t\t\t\t\t<p>Efeitos t\u00edpicos da implementa\u00e7\u00e3o de um sistema MES adaptado ao seu setor:<\/p><ul><li>Aumento de 10 \u2013 25% na produtividade<\/li><li>Redu\u00e7\u00e3o de 15% \u2013 30% no tempo de inatividade<\/li><li>Redu\u00e7\u00e3o de 20% no desperd\u00edcio<\/li><li>Transpar\u00eancia em tempo real dos KPIs e 100% de rastreabilidade na produ\u00e7\u00e3o<\/li><\/ul><p>O sistema MES constitui a base da fabrica\u00e7\u00e3o digital e \u00e9 um elemento fundamental da f\u00e1brica inteligente.<\/p>\t\t\t\t\t\t\t\t<\/div>\n\t\t\t\t<\/div>\n\t\t\t\t<div class=\"elementor-element elementor-element-80c3e64 elementor-widget elementor-widget-spacer\" data-id=\"80c3e64\" data-element_type=\"widget\" data-e-type=\"widget\" data-widget_type=\"spacer.default\">\n\t\t\t\t<div class=\"elementor-widget-container\">\n\t\t\t\t\t\t\t<div class=\"elementor-spacer\">\n\t\t\t<div class=\"elementor-spacer-inner\"><\/div>\n\t\t<\/div>\n\t\t\t\t\t\t<\/div>\n\t\t\t\t<\/div>\n\t\t\t\t<div class=\"elementor-element elementor-element-30bdd5e elementor-widget elementor-widget-heading\" data-id=\"30bdd5e\" data-element_type=\"widget\" data-e-type=\"widget\" data-widget_type=\"heading.default\">\n\t\t\t\t<div class=\"elementor-widget-container\">\n\t\t\t\t\t<h2 class=\"elementor-heading-title elementor-size-default\">Fun\u00e7\u00f5es e m\u00f3dulos cl\u00e1ssicos de um sistema MES<\/h2>\t\t\t\t<\/div>\n\t\t\t\t<\/div>\n\t\t\t\t<div class=\"elementor-element elementor-element-48e2072 elementor-widget elementor-widget-image\" data-id=\"48e2072\" data-element_type=\"widget\" data-e-type=\"widget\" data-widget_type=\"image.default\">\n\t\t\t\t<div class=\"elementor-widget-container\">\n\t\t\t\t\t\t\t\t\t\t\t\t\t\t\t<img fetchpriority=\"high\" decoding=\"async\" width=\"1024\" height=\"768\" src=\"https:\/\/consultingbsd.com\/wp-content\/uploads\/2026\/04\/Auftragsmanagement_pt-1-scaled.png\" class=\"attachment-large size-large wp-image-3503\" alt=\"\" srcset=\"https:\/\/consultingbsd.com\/wp-content\/uploads\/2026\/04\/Auftragsmanagement_pt-1-scaled.png 2560w, https:\/\/consultingbsd.com\/wp-content\/uploads\/2026\/04\/Auftragsmanagement_pt-1-300x225.png 300w, https:\/\/consultingbsd.com\/wp-content\/uploads\/2026\/04\/Auftragsmanagement_pt-1-1024x768.png 1024w, https:\/\/consultingbsd.com\/wp-content\/uploads\/2026\/04\/Auftragsmanagement_pt-1-768x576.png 768w, https:\/\/consultingbsd.com\/wp-content\/uploads\/2026\/04\/Auftragsmanagement_pt-1-1536x1152.png 1536w, https:\/\/consultingbsd.com\/wp-content\/uploads\/2026\/04\/Auftragsmanagement_pt-1-2048x1536.png 2048w, https:\/\/consultingbsd.com\/wp-content\/uploads\/2026\/04\/Auftragsmanagement_pt-1-16x12.png 16w\" sizes=\"(max-width: 1024px) 100vw, 1024px\" \/>\t\t\t\t\t\t\t\t\t\t\t\t\t\t\t<\/div>\n\t\t\t\t<\/div>\n\t\t\t\t<div class=\"elementor-element elementor-element-94b252d elementor-widget elementor-widget-heading\" data-id=\"94b252d\" data-element_type=\"widget\" data-e-type=\"widget\" data-widget_type=\"heading.default\">\n\t\t\t\t<div class=\"elementor-widget-container\">\n\t\t\t\t\t<h2 class=\"elementor-heading-title elementor-size-default\">N\u00f3s implementamos <br>\nF\u00e1bricas inteligentes<\/h2>\t\t\t\t<\/div>\n\t\t\t\t<\/div>\n\t\t\t\t<div class=\"elementor-element elementor-element-ef96879 elementor-widget elementor-widget-text-editor\" data-id=\"ef96879\" data-element_type=\"widget\" data-e-type=\"widget\" data-widget_type=\"text-editor.default\">\n\t\t\t\t<div class=\"elementor-widget-container\">\n\t\t\t\t\t\t\t\t\t<p>Em parceria com o nosso parceiro, o MES Competence &amp; Solution Center da msg systems AG <span style=\"font-style: inherit; font-weight: inherit;\">implementamos a f\u00e1brica inteligente do futuro. Como consultores e implementadores independentes de MES, contamos com o conhecimento e a experi\u00eancia pr\u00e1tica necess\u00e1rios para a implementa\u00e7\u00e3o de marcas europeias de MES de renome, como, entre outras, MES Hydra, FORCAM ENISCO, cronetworks MES e DELMIA MES. Com nosso parceiro local no Brasil, a bsd <\/span>Solu\u00e7\u00f5es Industriais oferecemos \u00e0s empresas brasileiras a implementa\u00e7\u00e3o e o suporte de sistemas MES l\u00edderes de mercado, incluindo processos de produ\u00e7\u00e3o comprovados, tudo a partir de um \u00fanico fornecedor.<\/p>\t\t\t\t\t\t\t\t<\/div>\n\t\t\t\t<\/div>\n\t\t\t\t<div class=\"elementor-element elementor-element-b8eee03 elementor-widget elementor-widget-spacer\" data-id=\"b8eee03\" data-element_type=\"widget\" data-e-type=\"widget\" data-widget_type=\"spacer.default\">\n\t\t\t\t<div class=\"elementor-widget-container\">\n\t\t\t\t\t\t\t<div class=\"elementor-spacer\">\n\t\t\t<div class=\"elementor-spacer-inner\"><\/div>\n\t\t<\/div>\n\t\t\t\t\t\t<\/div>\n\t\t\t\t<\/div>\n\t\t\t\t<div class=\"elementor-element elementor-element-4592e59 elementor-widget elementor-widget-heading\" data-id=\"4592e59\" data-element_type=\"widget\" data-e-type=\"widget\" data-widget_type=\"heading.default\">\n\t\t\t\t<div class=\"elementor-widget-container\">\n\t\t\t\t\t<h2 class=\"elementor-heading-title elementor-size-default\">Seu parceiro para a<br>\n F\u00e1brica Inteligente<\/h2>\t\t\t\t<\/div>\n\t\t\t\t<\/div>\n\t\t\t\t<div class=\"elementor-element elementor-element-5c1156b elementor-widget elementor-widget-text-editor\" data-id=\"5c1156b\" data-element_type=\"widget\" data-e-type=\"widget\" data-widget_type=\"text-editor.default\">\n\t\t\t\t<div class=\"elementor-widget-container\">\n\t\t\t\t\t\t\t\t\t<p>Ao contr\u00e1rio da abordagem cl\u00e1ssica de implementa\u00e7\u00e3o centrada no sistema adotada pelos fabricantes de MES, oferecemos consultoria e implementa\u00e7\u00e3o de sistema MES independentes. Gra\u00e7as ao nosso conhecimento e \u00e0 nossa longa experi\u00eancia pr\u00e1tica em um mercado europeu de MES consolidado, n\u00e3o apenas prestamos consultoria independente de fornecedores para encontrar a solu\u00e7\u00e3o MES ideal, mas tamb\u00e9m implementamos e operamos essa solu\u00e7\u00e3o para voc\u00ea no Brasil.&nbsp;<\/p>\t\t\t\t\t\t\t\t<\/div>\n\t\t\t\t<\/div>\n\t\t\t\t<div class=\"elementor-element elementor-element-66c77a6 elementor-widget elementor-widget-spacer\" data-id=\"66c77a6\" data-element_type=\"widget\" data-e-type=\"widget\" data-widget_type=\"spacer.default\">\n\t\t\t\t<div class=\"elementor-widget-container\">\n\t\t\t\t\t\t\t<div class=\"elementor-spacer\">\n\t\t\t<div class=\"elementor-spacer-inner\"><\/div>\n\t\t<\/div>\n\t\t\t\t\t\t<\/div>\n\t\t\t\t<\/div>\n\t\t\t\t<div class=\"elementor-element elementor-element-13da9f0 elementor-widget elementor-widget-heading\" data-id=\"13da9f0\" data-element_type=\"widget\" data-e-type=\"widget\" data-widget_type=\"heading.default\">\n\t\t\t\t<div class=\"elementor-widget-container\">\n\t\t\t\t\t<h2 class=\"elementor-heading-title elementor-size-default\">O que oferecemos a voc\u00ea<\/h2>\t\t\t\t<\/div>\n\t\t\t\t<\/div>\n\t\t\t\t<div class=\"elementor-element elementor-element-ab47fd3 elementor-widget elementor-widget-text-editor\" data-id=\"ab47fd3\" data-element_type=\"widget\" data-e-type=\"widget\" data-widget_type=\"text-editor.default\">\n\t\t\t\t<div class=\"elementor-widget-container\">\n\t\t\t\t\t\t\t\t\t<ul><li>Parceiro local de implementa\u00e7\u00e3o no Brasil com know-how europeu<\/li><li>Consultoria independente em software e sele\u00e7\u00e3o de sistemas para a solu\u00e7\u00e3o ideal para a sua empresa<\/li><li>Implementa\u00e7\u00e3o dos principais sistemas MES europeus<\/li><li>Ampla experi\u00eancia com pr\u00e1ticas comprovadas provenientes de um mercado europeu de MES s\u00f3lido<\/li><li>Interfaces dispon\u00edveis para integra\u00e7\u00e3o perfeita em sistemas ERP j\u00e1 estabelecidos<\/li><li>Compet\u00eancia tecnol\u00f3gica europeia combinada com experi\u00eancia brasileira em implementa\u00e7\u00e3o<\/li><\/ul>\t\t\t\t\t\t\t\t<\/div>\n\t\t\t\t<\/div>\n\t\t\t\t<div class=\"elementor-element elementor-element-e379b65 elementor-widget elementor-widget-spacer\" data-id=\"e379b65\" data-element_type=\"widget\" data-e-type=\"widget\" data-widget_type=\"spacer.default\">\n\t\t\t\t<div class=\"elementor-widget-container\">\n\t\t\t\t\t\t\t<div class=\"elementor-spacer\">\n\t\t\t<div class=\"elementor-spacer-inner\"><\/div>\n\t\t<\/div>\n\t\t\t\t\t\t<\/div>\n\t\t\t\t<\/div>\n\t\t\t\t<div class=\"elementor-element elementor-element-da4776b elementor-widget elementor-widget-heading\" data-id=\"da4776b\" data-element_type=\"widget\" data-e-type=\"widget\" data-widget_type=\"heading.default\">\n\t\t\t\t<div class=\"elementor-widget-container\">\n\t\t\t\t\t<h2 class=\"elementor-heading-title elementor-size-default\">Voc\u00ea reconhece esses problemas na sua produ\u00e7\u00e3o?<\/h2>\t\t\t\t<\/div>\n\t\t\t\t<\/div>\n\t\t\t\t<div class=\"elementor-element elementor-element-b6a0f97 elementor-widget elementor-widget-text-editor\" data-id=\"b6a0f97\" data-element_type=\"widget\" data-e-type=\"widget\" data-widget_type=\"text-editor.default\">\n\t\t\t\t<div class=\"elementor-widget-container\">\n\t\t\t\t\t\t\t\t\t<ul><li>A produ\u00e7\u00e3o ainda se baseia no Excel e no papel<\/li><li>A falta de transpar\u00eancia, de dados e de decis\u00f5es em tempo real gera altos custos indiretos<\/li><li>ERP sem integra\u00e7\u00e3o com a produ\u00e7\u00e3o e baixa transpar\u00eancia em rela\u00e7\u00e3o \u00e0 efic\u00e1cia geral do equipamento (OEE)<\/li><li>A dificuldade de acesso a solu\u00e7\u00f5es de software avan\u00e7adas e a processos de produ\u00e7\u00e3o comprovados est\u00e1 atrasando sua evolu\u00e7\u00e3o rumo \u00e0 f\u00e1brica inteligente\u00a0<\/li><\/ul>\t\t\t\t\t\t\t\t<\/div>\n\t\t\t\t<\/div>\n\t\t\t\t<div class=\"elementor-element elementor-element-3a31182 elementor-widget elementor-widget-text-editor\" data-id=\"3a31182\" data-element_type=\"widget\" data-e-type=\"widget\" data-widget_type=\"text-editor.default\">\n\t\t\t\t<div class=\"elementor-widget-container\">\n\t\t\t\t\t\t\t\t\t<p>Vamos juntos estabelecer a base para a sua f\u00e1brica inteligente!<\/p>\t\t\t\t\t\t\t\t<\/div>\n\t\t\t\t<\/div>\n\t\t\t\t<div class=\"elementor-element elementor-element-10a462e elementor-widget elementor-widget-spacer\" data-id=\"10a462e\" data-element_type=\"widget\" data-e-type=\"widget\" data-widget_type=\"spacer.default\">\n\t\t\t\t<div class=\"elementor-widget-container\">\n\t\t\t\t\t\t\t<div class=\"elementor-spacer\">\n\t\t\t<div class=\"elementor-spacer-inner\"><\/div>\n\t\t<\/div>\n\t\t\t\t\t\t<\/div>\n\t\t\t\t<\/div>\n\t\t\t\t\t<\/div>\n\t\t\t\t<\/div>\n\t\t\t\t<\/div>","protected":false},"excerpt":{"rendered":"<p>Manufacturing Execution Systems (MES) Was bieten MES Systeme Typische Effekte einer Einf\u00fchrung eines auf Ihre Industrie zugeschnittenen MES Systems: 10 &#8211; 25 % erh\u00f6hte Produktivit\u00e4t 15 &#8211; 30 % reduzierte Ausfallzeiten 20 % reduzierter Ausschuss Echtzeit Transparenz bei den KPIs und 100 % R\u00fcckverfolgbarkeit in der Produktion Das MES System legt die Basis f\u00fcr die [&hellip;]<\/p>\n","protected":false},"author":4,"featured_media":0,"parent":0,"menu_order":0,"comment_status":"closed","ping_status":"closed","template":"","meta":{"site-sidebar-layout":"no-sidebar","site-content-layout":"page-builder","ast-site-content-layout":"full-width-container","site-content-style":"default","site-sidebar-style":"default","ast-global-header-display":"","ast-banner-title-visibility":"","ast-main-header-display":"","ast-hfb-above-header-display":"","ast-hfb-below-header-display":"","ast-hfb-mobile-header-display":"","site-post-title":"disabled","ast-breadcrumbs-content":"","ast-featured-img":"disabled","footer-sml-layout":"","ast-disable-related-posts":"","theme-transparent-header-meta":"","adv-header-id-meta":"","stick-header-meta":"","header-above-stick-meta":"","header-main-stick-meta":"","header-below-stick-meta":"","astra-migrate-meta-layouts":"set","ast-page-background-enabled":"default","ast-page-background-meta":{"desktop":{"background-color":"var(--ast-global-color-4)","background-image":"","background-repeat":"repeat","background-position":"center center","background-size":"auto","background-attachment":"scroll","background-type":"","background-media":"","overlay-type":"","overlay-color":"","overlay-opacity":"","overlay-gradient":""},"tablet":{"background-color":"","background-image":"","background-repeat":"repeat","background-position":"center center","background-size":"auto","background-attachment":"scroll","background-type":"","background-media":"","overlay-type":"","overlay-color":"","overlay-opacity":"","overlay-gradient":""},"mobile":{"background-color":"","background-image":"","background-repeat":"repeat","background-position":"center center","background-size":"auto","background-attachment":"scroll","background-type":"","background-media":"","overlay-type":"","overlay-color":"","overlay-opacity":"","overlay-gradient":""}},"ast-content-background-meta":{"desktop":{"background-color":"var(--ast-global-color-5)","background-image":"","background-repeat":"repeat","background-position":"center center","background-size":"auto","background-attachment":"scroll","background-type":"","background-media":"","overlay-type":"","overlay-color":"","overlay-opacity":"","overlay-gradient":""},"tablet":{"background-color":"var(--ast-global-color-5)","background-image":"","background-repeat":"repeat","background-position":"center center","background-size":"auto","background-attachment":"scroll","background-type":"","background-media":"","overlay-type":"","overlay-color":"","overlay-opacity":"","overlay-gradient":""},"mobile":{"background-color":"var(--ast-global-color-5)","background-image":"","background-repeat":"repeat","background-position":"center center","background-size":"auto","background-attachment":"scroll","background-type":"","background-media":"","overlay-type":"","overlay-color":"","overlay-opacity":"","overlay-gradient":""}},"footnotes":""},"class_list":["post-2660","page","type-page","status-publish","hentry"],"yoast_head":"<!-- This site is optimized with the Yoast SEO plugin v27.4 - https:\/\/yoast.com\/product\/yoast-seo-wordpress\/ -->\n<title>Manufacturing Solutions - bsd Consulting Services<\/title>\n<meta name=\"robots\" content=\"index, follow, max-snippet:-1, max-image-preview:large, max-video-preview:-1\" \/>\n<link rel=\"canonical\" href=\"https:\/\/consultingbsd.com\/pt\/manufacturing-solutions\/\" \/>\n<meta property=\"og:locale\" content=\"pt_BR\" \/>\n<meta property=\"og:type\" content=\"article\" \/>\n<meta property=\"og:title\" content=\"Manufacturing Solutions - bsd Consulting Services\" \/>\n<meta property=\"og:description\" content=\"Manufacturing Execution Systems (MES) Was bieten MES Systeme Typische Effekte einer Einf\u00fchrung eines auf Ihre Industrie zugeschnittenen MES Systems: 10 &#8211; 25 % erh\u00f6hte Produktivit\u00e4t 15 &#8211; 30 % reduzierte Ausfallzeiten 20 % reduzierter Ausschuss Echtzeit Transparenz bei den KPIs und 100 % R\u00fcckverfolgbarkeit in der Produktion Das MES System legt die Basis f\u00fcr die [&hellip;]\" \/>\n<meta property=\"og:url\" content=\"https:\/\/consultingbsd.com\/pt\/manufacturing-solutions\/\" \/>\n<meta property=\"og:site_name\" content=\"bsd Consulting Services\" \/>\n<meta property=\"article:modified_time\" content=\"2026-04-16T15:45:46+00:00\" \/>\n<meta property=\"og:image\" content=\"https:\/\/consultingbsd.com\/wp-content\/uploads\/2026\/04\/Auftragsmanagement-1-scaled.png\" \/>\n\t<meta property=\"og:image:width\" content=\"2560\" \/>\n\t<meta property=\"og:image:height\" content=\"1920\" \/>\n\t<meta property=\"og:image:type\" content=\"image\/png\" \/>\n<meta name=\"twitter:card\" content=\"summary_large_image\" \/>\n<meta name=\"twitter:label1\" content=\"Est. tempo de leitura\" \/>\n\t<meta name=\"twitter:data1\" content=\"2 minutos\" \/>\n<script type=\"application\/ld+json\" class=\"yoast-schema-graph\">{\"@context\":\"https:\\\/\\\/schema.org\",\"@graph\":[{\"@type\":\"WebPage\",\"@id\":\"https:\\\/\\\/consultingbsd.com\\\/manufacturing-solutions\\\/\",\"url\":\"https:\\\/\\\/consultingbsd.com\\\/manufacturing-solutions\\\/\",\"name\":\"Manufacturing Solutions - bsd Consulting Services\",\"isPartOf\":{\"@id\":\"https:\\\/\\\/consultingbsd.com\\\/#website\"},\"primaryImageOfPage\":{\"@id\":\"https:\\\/\\\/consultingbsd.com\\\/manufacturing-solutions\\\/#primaryimage\"},\"image\":{\"@id\":\"https:\\\/\\\/consultingbsd.com\\\/manufacturing-solutions\\\/#primaryimage\"},\"thumbnailUrl\":\"https:\\\/\\\/consultingbsd.com\\\/wp-content\\\/uploads\\\/2026\\\/04\\\/Auftragsmanagement-1-1024x768.png\",\"datePublished\":\"2026-02-27T23:17:22+00:00\",\"dateModified\":\"2026-04-16T15:45:46+00:00\",\"breadcrumb\":{\"@id\":\"https:\\\/\\\/consultingbsd.com\\\/manufacturing-solutions\\\/#breadcrumb\"},\"inLanguage\":\"pt-BR\",\"potentialAction\":[{\"@type\":\"ReadAction\",\"target\":[\"https:\\\/\\\/consultingbsd.com\\\/manufacturing-solutions\\\/\"]}]},{\"@type\":\"ImageObject\",\"inLanguage\":\"pt-BR\",\"@id\":\"https:\\\/\\\/consultingbsd.com\\\/manufacturing-solutions\\\/#primaryimage\",\"url\":\"https:\\\/\\\/consultingbsd.com\\\/wp-content\\\/uploads\\\/2026\\\/04\\\/Auftragsmanagement-1-1024x768.png\",\"contentUrl\":\"https:\\\/\\\/consultingbsd.com\\\/wp-content\\\/uploads\\\/2026\\\/04\\\/Auftragsmanagement-1-1024x768.png\"},{\"@type\":\"BreadcrumbList\",\"@id\":\"https:\\\/\\\/consultingbsd.com\\\/manufacturing-solutions\\\/#breadcrumb\",\"itemListElement\":[{\"@type\":\"ListItem\",\"position\":1,\"name\":\"Home\",\"item\":\"https:\\\/\\\/consultingbsd.com\\\/\"},{\"@type\":\"ListItem\",\"position\":2,\"name\":\"Manufacturing Solutions\"}]},{\"@type\":\"WebSite\",\"@id\":\"https:\\\/\\\/consultingbsd.com\\\/#website\",\"url\":\"https:\\\/\\\/consultingbsd.com\\\/\",\"name\":\"bsd Consulting Services\",\"description\":\"Website Barreto Schmidt Consulting Services GmbH\",\"publisher\":{\"@id\":\"https:\\\/\\\/consultingbsd.com\\\/#organization\"},\"inLanguage\":\"pt-BR\"},{\"@type\":\"Organization\",\"@id\":\"https:\\\/\\\/consultingbsd.com\\\/#organization\",\"name\":\"bsd Consulting Services\",\"url\":\"https:\\\/\\\/consultingbsd.com\\\/\",\"logo\":{\"@type\":\"ImageObject\",\"inLanguage\":\"pt-BR\",\"@id\":\"https:\\\/\\\/consultingbsd.com\\\/#\\\/schema\\\/logo\\\/image\\\/\",\"url\":\"https:\\\/\\\/consultingbsd.com\\\/wp-content\\\/uploads\\\/2023\\\/09\\\/Logo-Footer.png\",\"contentUrl\":\"https:\\\/\\\/consultingbsd.com\\\/wp-content\\\/uploads\\\/2023\\\/09\\\/Logo-Footer.png\",\"width\":5990,\"height\":3322,\"caption\":\"bsd Consulting Services\"},\"image\":{\"@id\":\"https:\\\/\\\/consultingbsd.com\\\/#\\\/schema\\\/logo\\\/image\\\/\"}}]}<\/script>\n<!-- \/ Yoast SEO plugin. -->","yoast_head_json":{"title":"Manufacturing Solutions - bsd Consulting Services","robots":{"index":"index","follow":"follow","max-snippet":"max-snippet:-1","max-image-preview":"max-image-preview:large","max-video-preview":"max-video-preview:-1"},"canonical":"https:\/\/consultingbsd.com\/pt\/manufacturing-solutions\/","og_locale":"pt_BR","og_type":"article","og_title":"Manufacturing Solutions - bsd Consulting Services","og_description":"Manufacturing Execution Systems (MES) Was bieten MES Systeme Typische Effekte einer Einf\u00fchrung eines auf Ihre Industrie zugeschnittenen MES Systems: 10 &#8211; 25 % erh\u00f6hte Produktivit\u00e4t 15 &#8211; 30 % reduzierte Ausfallzeiten 20 % reduzierter Ausschuss Echtzeit Transparenz bei den KPIs und 100 % R\u00fcckverfolgbarkeit in der Produktion Das MES System legt die Basis f\u00fcr die [&hellip;]","og_url":"https:\/\/consultingbsd.com\/pt\/manufacturing-solutions\/","og_site_name":"bsd Consulting Services","article_modified_time":"2026-04-16T15:45:46+00:00","og_image":[{"width":2560,"height":1920,"url":"https:\/\/consultingbsd.com\/wp-content\/uploads\/2026\/04\/Auftragsmanagement-1-scaled.png","type":"image\/png"}],"twitter_card":"summary_large_image","twitter_misc":{"Est. tempo de leitura":"2 minutos"},"schema":{"@context":"https:\/\/schema.org","@graph":[{"@type":"WebPage","@id":"https:\/\/consultingbsd.com\/manufacturing-solutions\/","url":"https:\/\/consultingbsd.com\/manufacturing-solutions\/","name":"Manufacturing Solutions - bsd Consulting Services","isPartOf":{"@id":"https:\/\/consultingbsd.com\/#website"},"primaryImageOfPage":{"@id":"https:\/\/consultingbsd.com\/manufacturing-solutions\/#primaryimage"},"image":{"@id":"https:\/\/consultingbsd.com\/manufacturing-solutions\/#primaryimage"},"thumbnailUrl":"https:\/\/consultingbsd.com\/wp-content\/uploads\/2026\/04\/Auftragsmanagement-1-1024x768.png","datePublished":"2026-02-27T23:17:22+00:00","dateModified":"2026-04-16T15:45:46+00:00","breadcrumb":{"@id":"https:\/\/consultingbsd.com\/manufacturing-solutions\/#breadcrumb"},"inLanguage":"pt-BR","potentialAction":[{"@type":"ReadAction","target":["https:\/\/consultingbsd.com\/manufacturing-solutions\/"]}]},{"@type":"ImageObject","inLanguage":"pt-BR","@id":"https:\/\/consultingbsd.com\/manufacturing-solutions\/#primaryimage","url":"https:\/\/consultingbsd.com\/wp-content\/uploads\/2026\/04\/Auftragsmanagement-1-1024x768.png","contentUrl":"https:\/\/consultingbsd.com\/wp-content\/uploads\/2026\/04\/Auftragsmanagement-1-1024x768.png"},{"@type":"BreadcrumbList","@id":"https:\/\/consultingbsd.com\/manufacturing-solutions\/#breadcrumb","itemListElement":[{"@type":"ListItem","position":1,"name":"Home","item":"https:\/\/consultingbsd.com\/"},{"@type":"ListItem","position":2,"name":"Manufacturing Solutions"}]},{"@type":"WebSite","@id":"https:\/\/consultingbsd.com\/#website","url":"https:\/\/consultingbsd.com\/","name":"bsd Servi\u00e7os de Consultoria","description":"Website Barreto Schmidt Consulting Services GmbH","publisher":{"@id":"https:\/\/consultingbsd.com\/#organization"},"inLanguage":"pt-BR"},{"@type":"Organization","@id":"https:\/\/consultingbsd.com\/#organization","name":"bsd Servi\u00e7os de Consultoria","url":"https:\/\/consultingbsd.com\/","logo":{"@type":"ImageObject","inLanguage":"pt-BR","@id":"https:\/\/consultingbsd.com\/#\/schema\/logo\/image\/","url":"https:\/\/consultingbsd.com\/wp-content\/uploads\/2023\/09\/Logo-Footer.png","contentUrl":"https:\/\/consultingbsd.com\/wp-content\/uploads\/2023\/09\/Logo-Footer.png","width":5990,"height":3322,"caption":"bsd Consulting Services"},"image":{"@id":"https:\/\/consultingbsd.com\/#\/schema\/logo\/image\/"}}]}},"_links":{"self":[{"href":"https:\/\/consultingbsd.com\/pt\/wp-json\/wp\/v2\/pages\/2660","targetHints":{"allow":["GET"]}}],"collection":[{"href":"https:\/\/consultingbsd.com\/pt\/wp-json\/wp\/v2\/pages"}],"about":[{"href":"https:\/\/consultingbsd.com\/pt\/wp-json\/wp\/v2\/types\/page"}],"author":[{"embeddable":true,"href":"https:\/\/consultingbsd.com\/pt\/wp-json\/wp\/v2\/users\/4"}],"replies":[{"embeddable":true,"href":"https:\/\/consultingbsd.com\/pt\/wp-json\/wp\/v2\/comments?post=2660"}],"version-history":[{"count":58,"href":"https:\/\/consultingbsd.com\/pt\/wp-json\/wp\/v2\/pages\/2660\/revisions"}],"predecessor-version":[{"id":3564,"href":"https:\/\/consultingbsd.com\/pt\/wp-json\/wp\/v2\/pages\/2660\/revisions\/3564"}],"wp:attachment":[{"href":"https:\/\/consultingbsd.com\/pt\/wp-json\/wp\/v2\/media?parent=2660"}],"curies":[{"name":"wp","href":"https:\/\/api.w.org\/{rel}","templated":true}]}}