{"id":3055,"date":"2026-03-12T19:55:05","date_gmt":"2026-03-12T19:55:05","guid":{"rendered":"https:\/\/consultingbsd.com\/?page_id=3055"},"modified":"2026-03-13T23:09:25","modified_gmt":"2026-03-13T23:09:25","slug":"services","status":"publish","type":"page","link":"https:\/\/consultingbsd.com\/pt\/services\/","title":{"rendered":"Services"},"content":{"rendered":"<div data-elementor-type=\"wp-page\" data-elementor-id=\"3055\" class=\"elementor elementor-3055\" data-elementor-post-type=\"page\">\n\t\t\t\t<div class=\"elementor-element elementor-element-627c148 e-flex e-con-boxed e-con e-parent\" data-id=\"627c148\" data-element_type=\"container\" data-e-type=\"container\" data-settings=\"{&quot;background_background&quot;:&quot;classic&quot;}\">\n\t\t\t\t\t<div class=\"e-con-inner\">\n\t\t\t\t<div class=\"elementor-element elementor-element-a27406a elementor-widget elementor-widget-spacer\" data-id=\"a27406a\" data-element_type=\"widget\" data-e-type=\"widget\" data-widget_type=\"spacer.default\">\n\t\t\t\t<div class=\"elementor-widget-container\">\n\t\t\t\t\t\t\t<div class=\"elementor-spacer\">\n\t\t\t<div class=\"elementor-spacer-inner\"><\/div>\n\t\t<\/div>\n\t\t\t\t\t\t<\/div>\n\t\t\t\t<\/div>\n\t\t\t\t<div class=\"elementor-element elementor-element-e34dbce elementor-widget elementor-widget-heading\" data-id=\"e34dbce\" data-element_type=\"widget\" data-e-type=\"widget\" data-widget_type=\"heading.default\">\n\t\t\t\t<div class=\"elementor-widget-container\">\n\t\t\t\t\t<h2 class=\"elementor-heading-title elementor-size-default\">Nossa oferta de servi\u00e7os<\/h2>\t\t\t\t<\/div>\n\t\t\t\t<\/div>\n\t\t\t\t<div class=\"elementor-element elementor-element-7cd959c elementor-widget elementor-widget-spacer\" data-id=\"7cd959c\" data-element_type=\"widget\" data-e-type=\"widget\" data-widget_type=\"spacer.default\">\n\t\t\t\t<div class=\"elementor-widget-container\">\n\t\t\t\t\t\t\t<div class=\"elementor-spacer\">\n\t\t\t<div class=\"elementor-spacer-inner\"><\/div>\n\t\t<\/div>\n\t\t\t\t\t\t<\/div>\n\t\t\t\t<\/div>\n\t\t\t\t<div class=\"elementor-element elementor-element-5ead3f2 elementor-widget elementor-widget-heading\" data-id=\"5ead3f2\" data-element_type=\"widget\" data-e-type=\"widget\" data-widget_type=\"heading.default\">\n\t\t\t\t<div class=\"elementor-widget-container\">\n\t\t\t\t\t<h2 class=\"elementor-heading-title elementor-size-default\">Conceber a transforma\u00e7\u00e3o digital com sucesso<\/h2>\t\t\t\t<\/div>\n\t\t\t\t<\/div>\n\t\t\t\t<div class=\"elementor-element elementor-element-91c274e elementor-widget elementor-widget-heading\" data-id=\"91c274e\" data-element_type=\"widget\" data-e-type=\"widget\" data-widget_type=\"heading.default\">\n\t\t\t\t<div class=\"elementor-widget-container\">\n\t\t\t\t\t<h2 class=\"elementor-heading-title elementor-size-default\">da estrat\u00e9gia \u00e0 implementa\u00e7\u00e3o global<\/h2>\t\t\t\t<\/div>\n\t\t\t\t<\/div>\n\t\t\t\t<div class=\"elementor-element elementor-element-53a0709 elementor-widget elementor-widget-spacer\" data-id=\"53a0709\" data-element_type=\"widget\" data-e-type=\"widget\" data-widget_type=\"spacer.default\">\n\t\t\t\t<div class=\"elementor-widget-container\">\n\t\t\t\t\t\t\t<div class=\"elementor-spacer\">\n\t\t\t<div class=\"elementor-spacer-inner\"><\/div>\n\t\t<\/div>\n\t\t\t\t\t\t<\/div>\n\t\t\t\t<\/div>\n\t\t\t\t<div class=\"elementor-element elementor-element-65787ac elementor-widget elementor-widget-text-editor\" data-id=\"65787ac\" data-element_type=\"widget\" data-e-type=\"widget\" data-widget_type=\"text-editor.default\">\n\t\t\t\t<div class=\"elementor-widget-container\">\n\t\t\t\t\t\t\t\t\t<p>Acompanhamos empresas industriais de forma integral na transforma\u00e7\u00e3o digital e juntamos consultoria estrat\u00e9gica com implementa\u00e7\u00e3o operacional. Como especialistas em digitaliza\u00e7\u00e3o da cadeia de suprimentos, apoiamos nossos clientes desde a arquitetura do sistema e o planejamento geral do sistema at\u00e9 a implementa\u00e7\u00e3o internacional. Seja como parceiro independente para o seu projeto de transforma\u00e7\u00e3o ou como implementador selecionado para a sua solu\u00e7\u00e3o personalizada, criamos junto com voc\u00ea ambientes de TI e processos sustent\u00e1veis e integrados ao longo da produ\u00e7\u00e3o e da cadeia de suprimentos. Nossos servi\u00e7os oferecem todas as compet\u00eancias essenciais necess\u00e1rias para a implementa\u00e7\u00e3o bem-sucedida de projetos de digitaliza\u00e7\u00e3o ao longo da cadeia de suprimentos.<\/p>\t\t\t\t\t\t\t\t<\/div>\n\t\t\t\t<\/div>\n\t\t\t\t<div class=\"elementor-element elementor-element-b8ad3f2 elementor-widget elementor-widget-n-accordion\" data-id=\"b8ad3f2\" data-element_type=\"widget\" data-e-type=\"widget\" data-settings=\"{&quot;default_state&quot;:&quot;expanded&quot;,&quot;max_items_expended&quot;:&quot;one&quot;,&quot;n_accordion_animation_duration&quot;:{&quot;unit&quot;:&quot;ms&quot;,&quot;size&quot;:400,&quot;sizes&quot;:[]}}\" data-widget_type=\"nested-accordion.default\">\n\t\t\t\t<div class=\"elementor-widget-container\">\n\t\t\t\t\t\t\t<div class=\"e-n-accordion\" aria-label=\"Accordion. Open links with Enter or Space, close with Escape, and navigate with Arrow Keys\">\n\t\t\t\t\t\t<details id=\"e-n-accordion-item-1930\" class=\"e-n-accordion-item\" open>\n\t\t\t\t<summary class=\"e-n-accordion-item-title\" data-accordion-index=\"1\" tabindex=\"0\" aria-expanded=\"true\" aria-controls=\"e-n-accordion-item-1930\" >\n\t\t\t\t\t<span class='e-n-accordion-item-title-header'><div class=\"e-n-accordion-item-title-text\"> Acompanhamento do projeto <\/div><\/span>\n\t\t\t\t\t\t\t<span class='e-n-accordion-item-title-icon'>\n\t\t\t<span class='e-opened' ><i aria-hidden=\"true\" class=\"fas fa-angle-right\"><\/i><\/span>\n\t\t\t<span class='e-closed'><i aria-hidden=\"true\" class=\"fas fa-angle-right\"><\/i><\/span>\n\t\t<\/span>\n\n\t\t\t\t\t\t<\/summary>\n\t\t\t\t<div role=\"region\" aria-labelledby=\"e-n-accordion-item-1930\" class=\"elementor-element elementor-element-11d9158 e-con-full e-flex e-con e-child\" data-id=\"11d9158\" data-element_type=\"container\" data-e-type=\"container\">\n\t\t\t\t<div class=\"elementor-element elementor-element-2de27e6 elementor-widget elementor-widget-spacer\" data-id=\"2de27e6\" data-element_type=\"widget\" data-e-type=\"widget\" data-widget_type=\"spacer.default\">\n\t\t\t\t<div class=\"elementor-widget-container\">\n\t\t\t\t\t\t\t<div class=\"elementor-spacer\">\n\t\t\t<div class=\"elementor-spacer-inner\"><\/div>\n\t\t<\/div>\n\t\t\t\t\t\t<\/div>\n\t\t\t\t<\/div>\n\t\t\t\t<div class=\"elementor-element elementor-element-ac1ce61 elementor-widget elementor-widget-text-editor\" data-id=\"ac1ce61\" data-element_type=\"widget\" data-e-type=\"widget\" data-widget_type=\"text-editor.default\">\n\t\t\t\t<div class=\"elementor-widget-container\">\n\t\t\t\t\t\t\t\t\t<p>Al\u00e9m da implementa\u00e7\u00e3o t\u00e9cnica impec\u00e1vel dos sistemas de TI envolvidos, o acompanhamento competente do projeto e o alinhamento estrat\u00e9gico do mesmo s\u00e3o componentes essenciais para o sucesso de um projeto de digitaliza\u00e7\u00e3o:<\/p><ul><li>Especialista em otimiza\u00e7\u00e3o da produ\u00e7\u00e3o e da cadeia de suprimentos<\/li><li>Arquitetura do sistema e planejamento geral do sistema<\/li><li>Especialista em sistemas ERP e MES<\/li><li>Cria\u00e7\u00e3o de Template\u00a0<\/li><li>Planejamento do Go-Live<\/li><li>Lan\u00e7amento global<\/li><li>Consultoria de interface para sistemas MES e ERP<\/li><li>Parceiro independente para projetos de transforma\u00e7\u00e3o<\/li><\/ul>\t\t\t\t\t\t\t\t<\/div>\n\t\t\t\t<\/div>\n\t\t\t\t<\/div>\n\t\t\t\t\t<\/details>\n\t\t\t\t\t\t<details id=\"e-n-accordion-item-1931\" class=\"e-n-accordion-item\" >\n\t\t\t\t<summary class=\"e-n-accordion-item-title\" data-accordion-index=\"2\" tabindex=\"-1\" aria-expanded=\"false\" aria-controls=\"e-n-accordion-item-1931\" >\n\t\t\t\t\t<span class='e-n-accordion-item-title-header'><div class=\"e-n-accordion-item-title-text\"> Gest\u00e3o de projetos <\/div><\/span>\n\t\t\t\t\t\t\t<span class='e-n-accordion-item-title-icon'>\n\t\t\t<span class='e-opened' ><i aria-hidden=\"true\" class=\"fas fa-angle-right\"><\/i><\/span>\n\t\t\t<span class='e-closed'><i aria-hidden=\"true\" class=\"fas fa-angle-right\"><\/i><\/span>\n\t\t<\/span>\n\n\t\t\t\t\t\t<\/summary>\n\t\t\t\t<div role=\"region\" aria-labelledby=\"e-n-accordion-item-1931\" class=\"elementor-element elementor-element-f147205 e-con-full e-flex e-con e-child\" data-id=\"f147205\" data-element_type=\"container\" data-e-type=\"container\">\n\t\t\t\t<div class=\"elementor-element elementor-element-72bbb7f elementor-widget elementor-widget-spacer\" data-id=\"72bbb7f\" data-element_type=\"widget\" data-e-type=\"widget\" data-widget_type=\"spacer.default\">\n\t\t\t\t<div class=\"elementor-widget-container\">\n\t\t\t\t\t\t\t<div class=\"elementor-spacer\">\n\t\t\t<div class=\"elementor-spacer-inner\"><\/div>\n\t\t<\/div>\n\t\t\t\t\t\t<\/div>\n\t\t\t\t<\/div>\n\t\t\t\t<div class=\"elementor-element elementor-element-18711e8 elementor-widget elementor-widget-text-editor\" data-id=\"18711e8\" data-element_type=\"widget\" data-e-type=\"widget\" data-widget_type=\"text-editor.default\">\n\t\t\t\t<div class=\"elementor-widget-container\">\n\t\t\t\t\t\t\t\t\t<p>Um outro componente fundamental para o sucesso de um projeto de digitaliza\u00e7\u00e3o \u00e9 a gest\u00e3o estruturada e centrada nas pessoas, que gera aceita\u00e7\u00e3o e possibilita resultados sustent\u00e1veis. Dependendo da necessidade, oferecemos suporte na gest\u00e3o cl\u00e1ssica ou \u00e1gil de projetos:<\/p><ul><li>Gest\u00e3o geral do projeto e gest\u00e3o parcial do projeto<\/li><li>Planejamento e controle (MS Project, MS Teams, Jira, etc.)<\/li><li>Relat\u00f3rios do projeto<\/li><li>Gerenciamento de parceiros externos<\/li><li>Gerenciamento de mudan\u00e7as<\/li><li>SCRUM, KANBAN, Modelo V e ITIL<\/li><li>Gest\u00e3o de conhecimento e da mudan\u00e7a<\/li><\/ul>\t\t\t\t\t\t\t\t<\/div>\n\t\t\t\t<\/div>\n\t\t\t\t<\/div>\n\t\t\t\t\t<\/details>\n\t\t\t\t\t\t<details id=\"e-n-accordion-item-1932\" class=\"e-n-accordion-item\" >\n\t\t\t\t<summary class=\"e-n-accordion-item-title\" data-accordion-index=\"3\" tabindex=\"-1\" aria-expanded=\"false\" aria-controls=\"e-n-accordion-item-1932\" >\n\t\t\t\t\t<span class='e-n-accordion-item-title-header'><div class=\"e-n-accordion-item-title-text\"> Gest\u00e3o de processos <\/div><\/span>\n\t\t\t\t\t\t\t<span class='e-n-accordion-item-title-icon'>\n\t\t\t<span class='e-opened' ><i aria-hidden=\"true\" class=\"fas fa-angle-right\"><\/i><\/span>\n\t\t\t<span class='e-closed'><i aria-hidden=\"true\" class=\"fas fa-angle-right\"><\/i><\/span>\n\t\t<\/span>\n\n\t\t\t\t\t\t<\/summary>\n\t\t\t\t<div role=\"region\" aria-labelledby=\"e-n-accordion-item-1932\" class=\"elementor-element elementor-element-a4f0dc7 e-con-full e-flex e-con e-child\" data-id=\"a4f0dc7\" data-element_type=\"container\" data-e-type=\"container\">\n\t\t\t\t<div class=\"elementor-element elementor-element-c80cf85 elementor-widget elementor-widget-spacer\" data-id=\"c80cf85\" data-element_type=\"widget\" data-e-type=\"widget\" data-widget_type=\"spacer.default\">\n\t\t\t\t<div class=\"elementor-widget-container\">\n\t\t\t\t\t\t\t<div class=\"elementor-spacer\">\n\t\t\t<div class=\"elementor-spacer-inner\"><\/div>\n\t\t<\/div>\n\t\t\t\t\t\t<\/div>\n\t\t\t\t<\/div>\n\t\t\t\t<div class=\"elementor-element elementor-element-b8efcf5 elementor-widget elementor-widget-text-editor\" data-id=\"b8efcf5\" data-element_type=\"widget\" data-e-type=\"widget\" data-widget_type=\"text-editor.default\">\n\t\t\t\t<div class=\"elementor-widget-container\">\n\t\t\t\t\t\t\t\t\t<p>Os processos estabelecidos s\u00e3o a base de qualquer empresa. Somente quando a meta desejada e as mudan\u00e7as de processo associadas ao projeto de digitaliza\u00e7\u00e3o forem claras e compreens\u00edveis \u00e9 que a transforma\u00e7\u00e3o vai ser bem-sucedida:<\/p><ul><li>Registro do processo com o departamento<\/li><li>Documenta\u00e7\u00e3o padronizada de processos de acordo com a BPMN<\/li><li>An\u00e1lise e otimiza\u00e7\u00e3o de processos com o departamento especializado<\/li><li>Introdu\u00e7\u00e3o da gest\u00e3o LEAN<\/li><li>Estrutura\u00e7\u00e3o da organiza\u00e7\u00e3o de processos<\/li><li>Apoio na transi\u00e7\u00e3o para uma organiza\u00e7\u00e3o orientada para processos<\/li><\/ul>\t\t\t\t\t\t\t\t<\/div>\n\t\t\t\t<\/div>\n\t\t\t\t<\/div>\n\t\t\t\t\t<\/details>\n\t\t\t\t\t\t<details id=\"e-n-accordion-item-1933\" class=\"e-n-accordion-item\" >\n\t\t\t\t<summary class=\"e-n-accordion-item-title\" data-accordion-index=\"4\" tabindex=\"-1\" aria-expanded=\"false\" aria-controls=\"e-n-accordion-item-1933\" >\n\t\t\t\t\t<span class='e-n-accordion-item-title-header'><div class=\"e-n-accordion-item-title-text\"> Gest\u00e3o de dados <\/div><\/span>\n\t\t\t\t\t\t\t<span class='e-n-accordion-item-title-icon'>\n\t\t\t<span class='e-opened' ><i aria-hidden=\"true\" class=\"fas fa-angle-right\"><\/i><\/span>\n\t\t\t<span class='e-closed'><i aria-hidden=\"true\" class=\"fas fa-angle-right\"><\/i><\/span>\n\t\t<\/span>\n\n\t\t\t\t\t\t<\/summary>\n\t\t\t\t<div role=\"region\" aria-labelledby=\"e-n-accordion-item-1933\" class=\"elementor-element elementor-element-85046e2 e-flex e-con-boxed e-con e-child\" data-id=\"85046e2\" data-element_type=\"container\" data-e-type=\"container\">\n\t\t\t\t\t<div class=\"e-con-inner\">\n\t\t\t\t<div class=\"elementor-element elementor-element-028a52f elementor-widget elementor-widget-spacer\" data-id=\"028a52f\" data-element_type=\"widget\" data-e-type=\"widget\" data-widget_type=\"spacer.default\">\n\t\t\t\t<div class=\"elementor-widget-container\">\n\t\t\t\t\t\t\t<div class=\"elementor-spacer\">\n\t\t\t<div class=\"elementor-spacer-inner\"><\/div>\n\t\t<\/div>\n\t\t\t\t\t\t<\/div>\n\t\t\t\t<\/div>\n\t\t\t\t<div class=\"elementor-element elementor-element-611aacd elementor-widget elementor-widget-text-editor\" data-id=\"611aacd\" data-element_type=\"widget\" data-e-type=\"widget\" data-widget_type=\"text-editor.default\">\n\t\t\t\t<div class=\"elementor-widget-container\">\n\t\t\t\t\t\t\t\t\t<p>Somente com uma base de dados s\u00f3lida \u00e9 poss\u00edvel garantir o bom funcionamento dos processos e a tomada de decis\u00f5es empresariais objetivas. Assim, uma gest\u00e3o de dados s\u00f3lida \u00e9 outro componente essencial para uma transforma\u00e7\u00e3o bem-sucedida:<\/p><ul><li>Estabelecimento de uma organiza\u00e7\u00e3o de dados mestres<\/li><li>Forma\u00e7\u00e3o sobre as fun\u00e7\u00f5es dos respons\u00e1veis pelos dados<\/li><li>Estabelecimento de estruturas para a verifica\u00e7\u00e3o de dados<\/li><li>Avalia\u00e7\u00e3o e interpreta\u00e7\u00e3o de dados de produ\u00e7\u00e3o e da cadeia de abastecimento<\/li><li>Cria\u00e7\u00e3o de pain\u00e9is para an\u00e1lise de dados<\/li><\/ul>\t\t\t\t\t\t\t\t<\/div>\n\t\t\t\t<\/div>\n\t\t\t\t\t<\/div>\n\t\t\t\t<\/div>\n\t\t\t\t\t<\/details>\n\t\t\t\t\t<\/div>\n\t\t\t\t\t\t<\/div>\n\t\t\t\t<\/div>\n\t\t\t\t<div class=\"elementor-element elementor-element-12110a5 elementor-widget elementor-widget-spacer\" data-id=\"12110a5\" data-element_type=\"widget\" data-e-type=\"widget\" data-widget_type=\"spacer.default\">\n\t\t\t\t<div class=\"elementor-widget-container\">\n\t\t\t\t\t\t\t<div class=\"elementor-spacer\">\n\t\t\t<div class=\"elementor-spacer-inner\"><\/div>\n\t\t<\/div>\n\t\t\t\t\t\t<\/div>\n\t\t\t\t<\/div>\n\t\t\t\t\t<\/div>\n\t\t\t\t<\/div>\n\t\t\t\t<\/div>","protected":false},"excerpt":{"rendered":"<p>Unser Dienstleistungsangebot Digitale Transformation erfolgreich gestalten von der Strategie bis zum globalen Rollout Wir begleiten Industrieunternehmen ganzheitlich bei der digitalen Transformation und verbinden strategische Beratung mit operativer Umsetzung. Als Spezialist f\u00fcr die Digitalisierung der Supply Chain unterst\u00fctzen wir unsere Kunden von der Systemarchitektur und Gesamtsystemplanung bis zum internationalen Rollout. Ob als unabh\u00e4ngiger Sparringpartner f\u00fcr Ihr [&hellip;]<\/p>\n","protected":false},"author":4,"featured_media":0,"parent":0,"menu_order":0,"comment_status":"closed","ping_status":"closed","template":"","meta":{"site-sidebar-layout":"no-sidebar","site-content-layout":"page-builder","ast-site-content-layout":"full-width-container","site-content-style":"default","site-sidebar-style":"default","ast-global-header-display":"","ast-banner-title-visibility":"","ast-main-header-display":"","ast-hfb-above-header-display":"","ast-hfb-below-header-display":"","ast-hfb-mobile-header-display":"","site-post-title":"disabled","ast-breadcrumbs-content":"","ast-featured-img":"disabled","footer-sml-layout":"","ast-disable-related-posts":"","theme-transparent-header-meta":"","adv-header-id-meta":"","stick-header-meta":"","header-above-stick-meta":"","header-main-stick-meta":"","header-below-stick-meta":"","astra-migrate-meta-layouts":"set","ast-page-background-enabled":"default","ast-page-background-meta":{"desktop":{"background-color":"var(--ast-global-color-4)","background-image":"","background-repeat":"repeat","background-position":"center center","background-size":"auto","background-attachment":"scroll","background-type":"","background-media":"","overlay-type":"","overlay-color":"","overlay-opacity":"","overlay-gradient":""},"tablet":{"background-color":"","background-image":"","background-repeat":"repeat","background-position":"center center","background-size":"auto","background-attachment":"scroll","background-type":"","background-media":"","overlay-type":"","overlay-color":"","overlay-opacity":"","overlay-gradient":""},"mobile":{"background-color":"","background-image":"","background-repeat":"repeat","background-position":"center center","background-size":"auto","background-attachment":"scroll","background-type":"","background-media":"","overlay-type":"","overlay-color":"","overlay-opacity":"","overlay-gradient":""}},"ast-content-background-meta":{"desktop":{"background-color":"var(--ast-global-color-5)","background-image":"","background-repeat":"repeat","background-position":"center center","background-size":"auto","background-attachment":"scroll","background-type":"","background-media":"","overlay-type":"","overlay-color":"","overlay-opacity":"","overlay-gradient":""},"tablet":{"background-color":"var(--ast-global-color-5)","background-image":"","background-repeat":"repeat","background-position":"center center","background-size":"auto","background-attachment":"scroll","background-type":"","background-media":"","overlay-type":"","overlay-color":"","overlay-opacity":"","overlay-gradient":""},"mobile":{"background-color":"var(--ast-global-color-5)","background-image":"","background-repeat":"repeat","background-position":"center center","background-size":"auto","background-attachment":"scroll","background-type":"","background-media":"","overlay-type":"","overlay-color":"","overlay-opacity":"","overlay-gradient":""}},"footnotes":""},"class_list":["post-3055","page","type-page","status-publish","hentry"],"yoast_head":"<!-- This site is optimized with the Yoast SEO plugin v27.4 - https:\/\/yoast.com\/product\/yoast-seo-wordpress\/ -->\n<title>Services - bsd Consulting Services<\/title>\n<meta name=\"robots\" content=\"index, follow, max-snippet:-1, max-image-preview:large, max-video-preview:-1\" \/>\n<link rel=\"canonical\" href=\"https:\/\/consultingbsd.com\/pt\/services\/\" \/>\n<meta property=\"og:locale\" content=\"pt_BR\" \/>\n<meta property=\"og:type\" content=\"article\" \/>\n<meta property=\"og:title\" content=\"Services - bsd Consulting Services\" \/>\n<meta property=\"og:description\" content=\"Unser Dienstleistungsangebot Digitale Transformation erfolgreich gestalten von der Strategie bis zum globalen Rollout Wir begleiten Industrieunternehmen ganzheitlich bei der digitalen Transformation und verbinden strategische Beratung mit operativer Umsetzung. Als Spezialist f\u00fcr die Digitalisierung der Supply Chain unterst\u00fctzen wir unsere Kunden von der Systemarchitektur und Gesamtsystemplanung bis zum internationalen Rollout. Ob als unabh\u00e4ngiger Sparringpartner f\u00fcr Ihr [&hellip;]\" \/>\n<meta property=\"og:url\" content=\"https:\/\/consultingbsd.com\/pt\/services\/\" \/>\n<meta property=\"og:site_name\" content=\"bsd Consulting Services\" \/>\n<meta property=\"article:modified_time\" content=\"2026-03-13T23:09:25+00:00\" \/>\n<meta name=\"twitter:card\" content=\"summary_large_image\" \/>\n<meta name=\"twitter:label1\" content=\"Est. tempo de leitura\" \/>\n\t<meta name=\"twitter:data1\" content=\"3 minutos\" \/>\n<script type=\"application\/ld+json\" class=\"yoast-schema-graph\">{\"@context\":\"https:\\\/\\\/schema.org\",\"@graph\":[{\"@type\":\"WebPage\",\"@id\":\"https:\\\/\\\/consultingbsd.com\\\/services\\\/\",\"url\":\"https:\\\/\\\/consultingbsd.com\\\/services\\\/\",\"name\":\"Services - bsd Consulting Services\",\"isPartOf\":{\"@id\":\"https:\\\/\\\/consultingbsd.com\\\/#website\"},\"datePublished\":\"2026-03-12T19:55:05+00:00\",\"dateModified\":\"2026-03-13T23:09:25+00:00\",\"breadcrumb\":{\"@id\":\"https:\\\/\\\/consultingbsd.com\\\/services\\\/#breadcrumb\"},\"inLanguage\":\"pt-BR\",\"potentialAction\":[{\"@type\":\"ReadAction\",\"target\":[\"https:\\\/\\\/consultingbsd.com\\\/services\\\/\"]}]},{\"@type\":\"BreadcrumbList\",\"@id\":\"https:\\\/\\\/consultingbsd.com\\\/services\\\/#breadcrumb\",\"itemListElement\":[{\"@type\":\"ListItem\",\"position\":1,\"name\":\"Home\",\"item\":\"https:\\\/\\\/consultingbsd.com\\\/\"},{\"@type\":\"ListItem\",\"position\":2,\"name\":\"Services\"}]},{\"@type\":\"WebSite\",\"@id\":\"https:\\\/\\\/consultingbsd.com\\\/#website\",\"url\":\"https:\\\/\\\/consultingbsd.com\\\/\",\"name\":\"bsd Consulting Services\",\"description\":\"Website Barreto Schmidt Consulting Services GmbH\",\"publisher\":{\"@id\":\"https:\\\/\\\/consultingbsd.com\\\/#organization\"},\"inLanguage\":\"pt-BR\"},{\"@type\":\"Organization\",\"@id\":\"https:\\\/\\\/consultingbsd.com\\\/#organization\",\"name\":\"bsd Consulting Services\",\"url\":\"https:\\\/\\\/consultingbsd.com\\\/\",\"logo\":{\"@type\":\"ImageObject\",\"inLanguage\":\"pt-BR\",\"@id\":\"https:\\\/\\\/consultingbsd.com\\\/#\\\/schema\\\/logo\\\/image\\\/\",\"url\":\"https:\\\/\\\/consultingbsd.com\\\/wp-content\\\/uploads\\\/2023\\\/09\\\/Logo-Footer.png\",\"contentUrl\":\"https:\\\/\\\/consultingbsd.com\\\/wp-content\\\/uploads\\\/2023\\\/09\\\/Logo-Footer.png\",\"width\":5990,\"height\":3322,\"caption\":\"bsd Consulting Services\"},\"image\":{\"@id\":\"https:\\\/\\\/consultingbsd.com\\\/#\\\/schema\\\/logo\\\/image\\\/\"}}]}<\/script>\n<!-- \/ Yoast SEO plugin. -->","yoast_head_json":{"title":"Services - bsd Consulting Services","robots":{"index":"index","follow":"follow","max-snippet":"max-snippet:-1","max-image-preview":"max-image-preview:large","max-video-preview":"max-video-preview:-1"},"canonical":"https:\/\/consultingbsd.com\/pt\/services\/","og_locale":"pt_BR","og_type":"article","og_title":"Services - bsd Consulting Services","og_description":"Unser Dienstleistungsangebot Digitale Transformation erfolgreich gestalten von der Strategie bis zum globalen Rollout Wir begleiten Industrieunternehmen ganzheitlich bei der digitalen Transformation und verbinden strategische Beratung mit operativer Umsetzung. Als Spezialist f\u00fcr die Digitalisierung der Supply Chain unterst\u00fctzen wir unsere Kunden von der Systemarchitektur und Gesamtsystemplanung bis zum internationalen Rollout. Ob als unabh\u00e4ngiger Sparringpartner f\u00fcr Ihr [&hellip;]","og_url":"https:\/\/consultingbsd.com\/pt\/services\/","og_site_name":"bsd Consulting Services","article_modified_time":"2026-03-13T23:09:25+00:00","twitter_card":"summary_large_image","twitter_misc":{"Est. tempo de leitura":"3 minutos"},"schema":{"@context":"https:\/\/schema.org","@graph":[{"@type":"WebPage","@id":"https:\/\/consultingbsd.com\/services\/","url":"https:\/\/consultingbsd.com\/services\/","name":"Services - bsd Consulting Services","isPartOf":{"@id":"https:\/\/consultingbsd.com\/#website"},"datePublished":"2026-03-12T19:55:05+00:00","dateModified":"2026-03-13T23:09:25+00:00","breadcrumb":{"@id":"https:\/\/consultingbsd.com\/services\/#breadcrumb"},"inLanguage":"pt-BR","potentialAction":[{"@type":"ReadAction","target":["https:\/\/consultingbsd.com\/services\/"]}]},{"@type":"BreadcrumbList","@id":"https:\/\/consultingbsd.com\/services\/#breadcrumb","itemListElement":[{"@type":"ListItem","position":1,"name":"Home","item":"https:\/\/consultingbsd.com\/"},{"@type":"ListItem","position":2,"name":"Services"}]},{"@type":"WebSite","@id":"https:\/\/consultingbsd.com\/#website","url":"https:\/\/consultingbsd.com\/","name":"bsd Servi\u00e7os de Consultoria","description":"Website Barreto Schmidt Consulting Services GmbH","publisher":{"@id":"https:\/\/consultingbsd.com\/#organization"},"inLanguage":"pt-BR"},{"@type":"Organization","@id":"https:\/\/consultingbsd.com\/#organization","name":"bsd Servi\u00e7os de Consultoria","url":"https:\/\/consultingbsd.com\/","logo":{"@type":"ImageObject","inLanguage":"pt-BR","@id":"https:\/\/consultingbsd.com\/#\/schema\/logo\/image\/","url":"https:\/\/consultingbsd.com\/wp-content\/uploads\/2023\/09\/Logo-Footer.png","contentUrl":"https:\/\/consultingbsd.com\/wp-content\/uploads\/2023\/09\/Logo-Footer.png","width":5990,"height":3322,"caption":"bsd Consulting Services"},"image":{"@id":"https:\/\/consultingbsd.com\/#\/schema\/logo\/image\/"}}]}},"_links":{"self":[{"href":"https:\/\/consultingbsd.com\/pt\/wp-json\/wp\/v2\/pages\/3055","targetHints":{"allow":["GET"]}}],"collection":[{"href":"https:\/\/consultingbsd.com\/pt\/wp-json\/wp\/v2\/pages"}],"about":[{"href":"https:\/\/consultingbsd.com\/pt\/wp-json\/wp\/v2\/types\/page"}],"author":[{"embeddable":true,"href":"https:\/\/consultingbsd.com\/pt\/wp-json\/wp\/v2\/users\/4"}],"replies":[{"embeddable":true,"href":"https:\/\/consultingbsd.com\/pt\/wp-json\/wp\/v2\/comments?post=3055"}],"version-history":[{"count":43,"href":"https:\/\/consultingbsd.com\/pt\/wp-json\/wp\/v2\/pages\/3055\/revisions"}],"predecessor-version":[{"id":3371,"href":"https:\/\/consultingbsd.com\/pt\/wp-json\/wp\/v2\/pages\/3055\/revisions\/3371"}],"wp:attachment":[{"href":"https:\/\/consultingbsd.com\/pt\/wp-json\/wp\/v2\/media?parent=3055"}],"curies":[{"name":"wp","href":"https:\/\/api.w.org\/{rel}","templated":true}]}}