{"id":491,"date":"2023-09-14T19:45:49","date_gmt":"2023-09-14T19:45:49","guid":{"rendered":"https:\/\/consultingbsd.com\/about\/"},"modified":"2026-03-12T21:27:21","modified_gmt":"2026-03-12T21:27:21","slug":"about5","status":"publish","type":"page","link":"https:\/\/consultingbsd.com\/pt\/about5\/","title":{"rendered":"About5"},"content":{"rendered":"<div data-elementor-type=\"wp-page\" data-elementor-id=\"491\" class=\"elementor elementor-491\" data-elementor-post-type=\"page\">\n\t\t\t\t<div class=\"elementor-element elementor-element-5272ef1 e-con-full e-flex e-con e-parent\" data-id=\"5272ef1\" data-element_type=\"container\" data-e-type=\"container\">\n\t\t\t\t<div class=\"elementor-element elementor-element-44e5853 elementor-widget elementor-widget-heading\" data-id=\"44e5853\" data-element_type=\"widget\" data-e-type=\"widget\" data-widget_type=\"heading.default\">\n\t\t\t\t<div class=\"elementor-widget-container\">\n\t\t\t\t\t<h2 class=\"elementor-heading-title elementor-size-default\">Sobre n\u00f3s<\/h2>\t\t\t\t<\/div>\n\t\t\t\t<\/div>\n\t\t\t\t<\/div>\n\t\t<div class=\"elementor-element elementor-element-558eb395 e-con-full e-flex e-con e-parent\" data-id=\"558eb395\" data-element_type=\"container\" data-e-type=\"container\">\n\t\t\t\t<div class=\"elementor-element elementor-element-476b4c72 elementor-widget elementor-widget-text-editor\" data-id=\"476b4c72\" data-element_type=\"widget\" data-e-type=\"widget\" data-widget_type=\"text-editor.default\">\n\t\t\t\t<div class=\"elementor-widget-container\">\n\t\t\t\t\t\t\t\t\t<p>Nossa paix\u00e3o \u00e9 a digitaliza\u00e7\u00e3o ao longo da produ\u00e7\u00e3o e da cadeia de suprimentos.\u00a0<\/p><p>Nos consideramos uma ponte para solu\u00e7\u00f5es de alta qualidade em produ\u00e7\u00e3o e cadeia de suprimentos entre os mercados europeu e brasileiro.\u00a0<span style=\"font-style: inherit; font-weight: inherit;\">Com muitos anos de experi\u00eancia nos dois mercados e uma extensa rede de parceiros, garantimos uma implementa\u00e7\u00e3o local sem atrito e em uma coopera\u00e7\u00e3o confi\u00e1vel.<\/span><\/p>\t\t\t\t\t\t\t\t<\/div>\n\t\t\t\t<\/div>\n\t\t\t\t<div class=\"elementor-element elementor-element-27a2a12 elementor-widget-divider--view-line elementor-widget elementor-widget-divider\" data-id=\"27a2a12\" data-element_type=\"widget\" data-e-type=\"widget\" data-widget_type=\"divider.default\">\n\t\t\t\t<div class=\"elementor-widget-container\">\n\t\t\t\t\t\t\t<div class=\"elementor-divider\">\n\t\t\t<span class=\"elementor-divider-separator\">\n\t\t\t\t\t\t<\/span>\n\t\t<\/div>\n\t\t\t\t\t\t<\/div>\n\t\t\t\t<\/div>\n\t\t\t\t<div class=\"elementor-element elementor-element-7a2885ae elementor-widget elementor-widget-heading\" data-id=\"7a2885ae\" data-element_type=\"widget\" data-e-type=\"widget\" data-widget_type=\"heading.default\">\n\t\t\t\t<div class=\"elementor-widget-container\">\n\t\t\t\t\t<h2 class=\"elementor-heading-title elementor-size-default\">Nossos valores<\/h2>\t\t\t\t<\/div>\n\t\t\t\t<\/div>\n\t\t\t\t<div class=\"elementor-element elementor-element-72d96e2 elementor-pagination-position-inside elementor-arrows-position-inside elementor-widget elementor-widget-image-carousel\" data-id=\"72d96e2\" data-element_type=\"widget\" data-e-type=\"widget\" data-settings=\"{&quot;slides_to_show&quot;:&quot;1&quot;,&quot;navigation&quot;:&quot;both&quot;,&quot;autoplay&quot;:&quot;yes&quot;,&quot;pause_on_hover&quot;:&quot;yes&quot;,&quot;pause_on_interaction&quot;:&quot;yes&quot;,&quot;autoplay_speed&quot;:5000,&quot;infinite&quot;:&quot;yes&quot;,&quot;effect&quot;:&quot;slide&quot;,&quot;speed&quot;:500}\" data-widget_type=\"image-carousel.default\">\n\t\t\t\t<div class=\"elementor-widget-container\">\n\t\t\t\t\t\t\t<div class=\"elementor-image-carousel-wrapper swiper\" role=\"region\" aria-roledescription=\"carousel\" aria-label=\"Image Carousel\" dir=\"ltr\">\n\t\t\t<div class=\"elementor-image-carousel swiper-wrapper\" aria-live=\"off\">\n\t\t\t\t\t\t\t\t<div class=\"swiper-slide\" role=\"group\" aria-roledescription=\"slide\" aria-label=\"1 von 6\"><figure class=\"swiper-slide-inner\"><img decoding=\"async\" class=\"swiper-slide-image\" src=\"https:\/\/consultingbsd.com\/wp-content\/uploads\/2023\/10\/14.png\" alt=\"Innovation, wir schauen \u00fcber den Tellerrand hinaus\" \/><\/figure><\/div><div class=\"swiper-slide\" role=\"group\" aria-roledescription=\"slide\" aria-label=\"2 von 6\"><figure class=\"swiper-slide-inner\"><img decoding=\"async\" class=\"swiper-slide-image\" src=\"https:\/\/consultingbsd.com\/wp-content\/uploads\/2023\/10\/5.png\" alt=\"Integrit\u00e4t, wir beraten Fakten basiert\" \/><\/figure><\/div><div class=\"swiper-slide\" role=\"group\" aria-roledescription=\"slide\" aria-label=\"3 von 6\"><figure class=\"swiper-slide-inner\"><img decoding=\"async\" class=\"swiper-slide-image\" src=\"https:\/\/consultingbsd.com\/wp-content\/uploads\/2023\/10\/2.png\" alt=\"Kundenfreundlichkeit, wir sehen uns als Ihr Mitarbeiter\" \/><\/figure><\/div><div class=\"swiper-slide\" role=\"group\" aria-roledescription=\"slide\" aria-label=\"4 von 6\"><figure class=\"swiper-slide-inner\"><img decoding=\"async\" class=\"swiper-slide-image\" src=\"https:\/\/consultingbsd.com\/wp-content\/uploads\/2023\/10\/17.png\" alt=\"Nachhaltigkeit, wir finden gemeinsam langfristige L\u00f6sungen\" \/><\/figure><\/div><div class=\"swiper-slide\" role=\"group\" aria-roledescription=\"slide\" aria-label=\"5 von 6\"><figure class=\"swiper-slide-inner\"><img decoding=\"async\" class=\"swiper-slide-image\" src=\"https:\/\/consultingbsd.com\/wp-content\/uploads\/2023\/10\/8.png\" alt=\"Offenheit, wir bennen die Herausforderungen\" \/><\/figure><\/div><div class=\"swiper-slide\" role=\"group\" aria-roledescription=\"slide\" aria-label=\"6 von 6\"><figure class=\"swiper-slide-inner\"><img decoding=\"async\" class=\"swiper-slide-image\" src=\"https:\/\/consultingbsd.com\/wp-content\/uploads\/2023\/10\/11.png\" alt=\"Qualit\u00e4t, wir machen keine halben Sachen\" \/><\/figure><\/div>\t\t\t<\/div>\n\t\t\t\t\t\t\t\t\t\t\t\t<div class=\"elementor-swiper-button elementor-swiper-button-prev\" role=\"button\" tabindex=\"0\">\n\t\t\t\t\t\t<i aria-hidden=\"true\" class=\"eicon-chevron-left\"><\/i>\t\t\t\t\t<\/div>\n\t\t\t\t\t<div class=\"elementor-swiper-button elementor-swiper-button-next\" role=\"button\" tabindex=\"0\">\n\t\t\t\t\t\t<i aria-hidden=\"true\" class=\"eicon-chevron-right\"><\/i>\t\t\t\t\t<\/div>\n\t\t\t\t\n\t\t\t\t\t\t\t\t\t<div class=\"swiper-pagination\"><\/div>\n\t\t\t\t\t\t\t\t\t<\/div>\n\t\t\t\t\t\t<\/div>\n\t\t\t\t<\/div>\n\t\t\t\t<\/div>\n\t\t<div class=\"elementor-element elementor-element-4a3c889 e-con-full e-flex e-con e-parent\" data-id=\"4a3c889\" data-element_type=\"container\" data-e-type=\"container\">\n\t\t\t\t<div class=\"elementor-element elementor-element-0fccca3 elementor-widget elementor-widget-text-editor\" data-id=\"0fccca3\" data-element_type=\"widget\" data-e-type=\"widget\" data-widget_type=\"text-editor.default\">\n\t\t\t\t<div class=\"elementor-widget-container\">\n\t\t\t\t\t\t\t\t\t<br>\t\t\t\t\t\t\t\t<\/div>\n\t\t\t\t<\/div>\n\t\t\t\t<div class=\"elementor-element elementor-element-71aabe8 elementor-widget elementor-widget-heading\" data-id=\"71aabe8\" data-element_type=\"widget\" data-e-type=\"widget\" data-widget_type=\"heading.default\">\n\t\t\t\t<div class=\"elementor-widget-container\">\n\t\t\t\t\t<h2 class=\"elementor-heading-title elementor-size-xxl\">Voc\u00ea pode esperar uma coopera\u00e7\u00e3o bem-sucedida<\/h2>\t\t\t\t<\/div>\n\t\t\t\t<\/div>\n\t\t<div class=\"elementor-element elementor-element-72a419e e-con-full e-flex e-con e-child\" data-id=\"72a419e\" data-element_type=\"container\" data-e-type=\"container\">\n\t\t\t\t<div class=\"elementor-element elementor-element-5cbeae4 elementor-widget-divider--view-line elementor-widget elementor-widget-divider\" data-id=\"5cbeae4\" data-element_type=\"widget\" data-e-type=\"widget\" data-widget_type=\"divider.default\">\n\t\t\t\t<div class=\"elementor-widget-container\">\n\t\t\t\t\t\t\t<div class=\"elementor-divider\">\n\t\t\t<span class=\"elementor-divider-separator\">\n\t\t\t\t\t\t<\/span>\n\t\t<\/div>\n\t\t\t\t\t\t<\/div>\n\t\t\t\t<\/div>\n\t\t\t\t<div class=\"elementor-element elementor-element-0725dff elementor-widget elementor-widget-spacer\" data-id=\"0725dff\" data-element_type=\"widget\" data-e-type=\"widget\" data-widget_type=\"spacer.default\">\n\t\t\t\t<div class=\"elementor-widget-container\">\n\t\t\t\t\t\t\t<div class=\"elementor-spacer\">\n\t\t\t<div class=\"elementor-spacer-inner\"><\/div>\n\t\t<\/div>\n\t\t\t\t\t\t<\/div>\n\t\t\t\t<\/div>\n\t\t\t\t<div class=\"elementor-element elementor-element-ba6fc0a elementor-widget elementor-widget-heading\" data-id=\"ba6fc0a\" data-element_type=\"widget\" data-e-type=\"widget\" data-widget_type=\"heading.default\">\n\t\t\t\t<div class=\"elementor-widget-container\">\n\t\t\t\t\t<h2 class=\"elementor-heading-title elementor-size-xxl\">Nossa<\/h2>\t\t\t\t<\/div>\n\t\t\t\t<\/div>\n\t\t\t\t<div class=\"elementor-element elementor-element-445c3f2 elementor-widget elementor-widget-heading\" data-id=\"445c3f2\" data-element_type=\"widget\" data-e-type=\"widget\" data-widget_type=\"heading.default\">\n\t\t\t\t<div class=\"elementor-widget-container\">\n\t\t\t\t\t<h2 class=\"elementor-heading-title elementor-size-xxl\">Promessa de servi\u00e7o<\/h2>\t\t\t\t<\/div>\n\t\t\t\t<\/div>\n\t\t\t\t<div class=\"elementor-element elementor-element-0417e4c elementor-widget elementor-widget-heading\" data-id=\"0417e4c\" data-element_type=\"widget\" data-e-type=\"widget\" data-widget_type=\"heading.default\">\n\t\t\t\t<div class=\"elementor-widget-container\">\n\t\t\t\t\t<h2 class=\"elementor-heading-title elementor-size-xxl\">para voc\u00ea<\/h2>\t\t\t\t<\/div>\n\t\t\t\t<\/div>\n\t\t\t\t<div class=\"elementor-element elementor-element-86f14d0 elementor-widget elementor-widget-image\" data-id=\"86f14d0\" data-element_type=\"widget\" data-e-type=\"widget\" data-widget_type=\"image.default\">\n\t\t\t\t<div class=\"elementor-widget-container\">\n\t\t\t\t\t\t\t\t\t\t\t\t\t\t\t<img fetchpriority=\"high\" decoding=\"async\" width=\"768\" height=\"432\" src=\"https:\/\/consultingbsd.com\/wp-content\/uploads\/2023\/10\/20.png\" class=\"attachment-medium_large size-medium_large wp-image-2411\" alt=\"Von der Strategie \u00fcber das Konzept bis zur Umsetzung sind wir Ihr verl\u00e4sslicher Partner.\" srcset=\"https:\/\/consultingbsd.com\/wp-content\/uploads\/2023\/10\/20.png 6000w, https:\/\/consultingbsd.com\/wp-content\/uploads\/2023\/10\/20-300x169.png 300w, https:\/\/consultingbsd.com\/wp-content\/uploads\/2023\/10\/20-1024x576.png 1024w, https:\/\/consultingbsd.com\/wp-content\/uploads\/2023\/10\/20-768x432.png 768w, https:\/\/consultingbsd.com\/wp-content\/uploads\/2023\/10\/20-1536x864.png 1536w, https:\/\/consultingbsd.com\/wp-content\/uploads\/2023\/10\/20-2048x1152.png 2048w, https:\/\/consultingbsd.com\/wp-content\/uploads\/2023\/10\/20-18x10.png 18w\" sizes=\"(max-width: 768px) 100vw, 768px\" \/>\t\t\t\t\t\t\t\t\t\t\t\t\t\t\t<\/div>\n\t\t\t\t<\/div>\n\t\t\t\t<div class=\"elementor-element elementor-element-b9737bc elementor-widget elementor-widget-spacer\" data-id=\"b9737bc\" data-element_type=\"widget\" data-e-type=\"widget\" data-widget_type=\"spacer.default\">\n\t\t\t\t<div class=\"elementor-widget-container\">\n\t\t\t\t\t\t\t<div class=\"elementor-spacer\">\n\t\t\t<div class=\"elementor-spacer-inner\"><\/div>\n\t\t<\/div>\n\t\t\t\t\t\t<\/div>\n\t\t\t\t<\/div>\n\t\t\t\t<div class=\"elementor-element elementor-element-e7e0a19 elementor-widget elementor-widget-text-editor\" data-id=\"e7e0a19\" data-element_type=\"widget\" data-e-type=\"widget\" data-widget_type=\"text-editor.default\">\n\t\t\t\t<div class=\"elementor-widget-container\">\n\t\t\t\t\t\t\t\t\t<p>N\u00f3s o acompanhamos<\/p><p>desde a <b>ESTRAT\u00c9GIA<\/b><br \/>passando pelo <b>CONCEITO<\/b><br \/>at\u00e9 a <b>IMPLEMENT\u00c7\u00c3O concreta<\/b><\/p><p>N\u00e3o importa em que est\u00e1gio esteja o seu projeto \u2013 junto com voc\u00ea, conduzimos o projeto ao sucesso.<\/p>\t\t\t\t\t\t\t\t<\/div>\n\t\t\t\t<\/div>\n\t\t\t\t<div class=\"elementor-element elementor-element-1aedb41 elementor-widget elementor-widget-spacer\" data-id=\"1aedb41\" data-element_type=\"widget\" data-e-type=\"widget\" data-widget_type=\"spacer.default\">\n\t\t\t\t<div class=\"elementor-widget-container\">\n\t\t\t\t\t\t\t<div class=\"elementor-spacer\">\n\t\t\t<div class=\"elementor-spacer-inner\"><\/div>\n\t\t<\/div>\n\t\t\t\t\t\t<\/div>\n\t\t\t\t<\/div>\n\t\t\t\t<\/div>\n\t\t\t\t<\/div>\n\t\t\t\t<\/div>","protected":false},"excerpt":{"rendered":"<p>\u00dcber uns Unsere Leidenschaft liegt in der Digitalisierung entlang der Produktion und der Supply Chain.\u00a0 Wir verstehen uns als Br\u00fccke f\u00fcr hochwertige Produktions,- und Supply Chain L\u00f6sungen zwischen dem europ\u00e4ischen und brasilianischen Markt.\u00a0Mit langj\u00e4hriger Erfahrung in den beiden M\u00e4rkten sowie einem umfangreichen Netzwerk aus Partnern, sorgen wir f\u00fcr eine reibungslose vor Ort Implementierung und stehen [&hellip;]<\/p>\n","protected":false},"author":1,"featured_media":1877,"parent":0,"menu_order":0,"comment_status":"closed","ping_status":"closed","template":"elementor_header_footer","meta":{"site-sidebar-layout":"default","site-content-layout":"","ast-site-content-layout":"default","site-content-style":"default","site-sidebar-style":"default","ast-global-header-display":"","ast-banner-title-visibility":"","ast-main-header-display":"","ast-hfb-above-header-display":"","ast-hfb-below-header-display":"","ast-hfb-mobile-header-display":"","site-post-title":"","ast-breadcrumbs-content":"","ast-featured-img":"","footer-sml-layout":"","ast-disable-related-posts":"","theme-transparent-header-meta":"","adv-header-id-meta":"","stick-header-meta":"","header-above-stick-meta":"","header-main-stick-meta":"","header-below-stick-meta":"","astra-migrate-meta-layouts":"set","ast-page-background-enabled":"default","ast-page-background-meta":{"desktop":{"background-color":"var(--ast-global-color-4)","background-image":"","background-repeat":"repeat","background-position":"center center","background-size":"auto","background-attachment":"scroll","background-type":"","background-media":"","overlay-type":"","overlay-color":"","overlay-opacity":"","overlay-gradient":""},"tablet":{"background-color":"","background-image":"","background-repeat":"repeat","background-position":"center center","background-size":"auto","background-attachment":"scroll","background-type":"","background-media":"","overlay-type":"","overlay-color":"","overlay-opacity":"","overlay-gradient":""},"mobile":{"background-color":"","background-image":"","background-repeat":"repeat","background-position":"center center","background-size":"auto","background-attachment":"scroll","background-type":"","background-media":"","overlay-type":"","overlay-color":"","overlay-opacity":"","overlay-gradient":""}},"ast-content-background-meta":{"desktop":{"background-color":"var(--ast-global-color-5)","background-image":"","background-repeat":"repeat","background-position":"center center","background-size":"auto","background-attachment":"scroll","background-type":"","background-media":"","overlay-type":"","overlay-color":"","overlay-opacity":"","overlay-gradient":""},"tablet":{"background-color":"var(--ast-global-color-5)","background-image":"","background-repeat":"repeat","background-position":"center center","background-size":"auto","background-attachment":"scroll","background-type":"","background-media":"","overlay-type":"","overlay-color":"","overlay-opacity":"","overlay-gradient":""},"mobile":{"background-color":"var(--ast-global-color-5)","background-image":"","background-repeat":"repeat","background-position":"center center","background-size":"auto","background-attachment":"scroll","background-type":"","background-media":"","overlay-type":"","overlay-color":"","overlay-opacity":"","overlay-gradient":""}},"footnotes":""},"class_list":["post-491","page","type-page","status-publish","has-post-thumbnail","hentry"],"yoast_head":"<!-- This site is optimized with the Yoast SEO plugin v27.5 - https:\/\/yoast.com\/product\/yoast-seo-wordpress\/ -->\n<title>About5 - bsd Consulting Services<\/title>\n<meta name=\"description\" content=\"Unsere Leidenschaft liegt in der Digitalisierung entlang der Produktion und der Supply Chain. Damit machen wir Sie erfolgreich.\" \/>\n<meta name=\"robots\" content=\"index, follow, max-snippet:-1, max-image-preview:large, max-video-preview:-1\" \/>\n<link rel=\"canonical\" href=\"https:\/\/consultingbsd.com\/pt\/about5\/\" \/>\n<meta property=\"og:locale\" content=\"pt_BR\" \/>\n<meta property=\"og:type\" content=\"article\" \/>\n<meta property=\"og:title\" content=\"About5 - bsd Consulting Services\" \/>\n<meta property=\"og:description\" content=\"Unsere Leidenschaft liegt in der Digitalisierung entlang der Produktion und der Supply Chain. Damit machen wir Sie erfolgreich.\" \/>\n<meta property=\"og:url\" content=\"https:\/\/consultingbsd.com\/pt\/about5\/\" \/>\n<meta property=\"og:site_name\" content=\"bsd Consulting Services\" \/>\n<meta property=\"article:modified_time\" content=\"2026-03-12T21:27:21+00:00\" \/>\n<meta property=\"og:image\" content=\"https:\/\/consultingbsd.com\/wp-content\/uploads\/2023\/10\/Logo-Webseite.png\" \/>\n\t<meta property=\"og:image:width\" content=\"5990\" \/>\n\t<meta property=\"og:image:height\" content=\"3322\" \/>\n\t<meta property=\"og:image:type\" content=\"image\/png\" \/>\n<meta name=\"twitter:card\" content=\"summary_large_image\" \/>\n<meta name=\"twitter:label1\" content=\"Est. tempo de leitura\" \/>\n\t<meta name=\"twitter:data1\" content=\"3 minutos\" \/>\n<script type=\"application\/ld+json\" class=\"yoast-schema-graph\">{\"@context\":\"https:\\\/\\\/schema.org\",\"@graph\":[{\"@type\":[\"WebPage\",\"AboutPage\"],\"@id\":\"https:\\\/\\\/consultingbsd.com\\\/about5\\\/\",\"url\":\"https:\\\/\\\/consultingbsd.com\\\/about5\\\/\",\"name\":\"About5 - bsd Consulting Services\",\"isPartOf\":{\"@id\":\"https:\\\/\\\/consultingbsd.com\\\/#website\"},\"primaryImageOfPage\":{\"@id\":\"https:\\\/\\\/consultingbsd.com\\\/about5\\\/#primaryimage\"},\"image\":{\"@id\":\"https:\\\/\\\/consultingbsd.com\\\/about5\\\/#primaryimage\"},\"thumbnailUrl\":\"https:\\\/\\\/consultingbsd.com\\\/wp-content\\\/uploads\\\/2023\\\/10\\\/Logo-Webseite.png\",\"datePublished\":\"2023-09-14T19:45:49+00:00\",\"dateModified\":\"2026-03-12T21:27:21+00:00\",\"description\":\"Unsere Leidenschaft liegt in der Digitalisierung entlang der Produktion und der Supply Chain. Damit machen wir Sie erfolgreich.\",\"breadcrumb\":{\"@id\":\"https:\\\/\\\/consultingbsd.com\\\/about5\\\/#breadcrumb\"},\"inLanguage\":\"pt-BR\",\"potentialAction\":[{\"@type\":\"ReadAction\",\"target\":[\"https:\\\/\\\/consultingbsd.com\\\/about5\\\/\"]}]},{\"@type\":\"ImageObject\",\"inLanguage\":\"pt-BR\",\"@id\":\"https:\\\/\\\/consultingbsd.com\\\/about5\\\/#primaryimage\",\"url\":\"https:\\\/\\\/consultingbsd.com\\\/wp-content\\\/uploads\\\/2023\\\/10\\\/Logo-Webseite.png\",\"contentUrl\":\"https:\\\/\\\/consultingbsd.com\\\/wp-content\\\/uploads\\\/2023\\\/10\\\/Logo-Webseite.png\",\"width\":5990,\"height\":3322,\"caption\":\"Logo bsd Consulting Services GmbH\"},{\"@type\":\"BreadcrumbList\",\"@id\":\"https:\\\/\\\/consultingbsd.com\\\/about5\\\/#breadcrumb\",\"itemListElement\":[{\"@type\":\"ListItem\",\"position\":1,\"name\":\"Home\",\"item\":\"https:\\\/\\\/consultingbsd.com\\\/\"},{\"@type\":\"ListItem\",\"position\":2,\"name\":\"About5\"}]},{\"@type\":\"WebSite\",\"@id\":\"https:\\\/\\\/consultingbsd.com\\\/#website\",\"url\":\"https:\\\/\\\/consultingbsd.com\\\/\",\"name\":\"bsd Consulting Services\",\"description\":\"Website Barreto Schmidt Consulting Services GmbH\",\"publisher\":{\"@id\":\"https:\\\/\\\/consultingbsd.com\\\/#organization\"},\"inLanguage\":\"pt-BR\"},{\"@type\":\"Organization\",\"@id\":\"https:\\\/\\\/consultingbsd.com\\\/#organization\",\"name\":\"bsd Consulting Services\",\"url\":\"https:\\\/\\\/consultingbsd.com\\\/\",\"logo\":{\"@type\":\"ImageObject\",\"inLanguage\":\"pt-BR\",\"@id\":\"https:\\\/\\\/consultingbsd.com\\\/#\\\/schema\\\/logo\\\/image\\\/\",\"url\":\"https:\\\/\\\/consultingbsd.com\\\/wp-content\\\/uploads\\\/2023\\\/09\\\/Logo-Footer.png\",\"contentUrl\":\"https:\\\/\\\/consultingbsd.com\\\/wp-content\\\/uploads\\\/2023\\\/09\\\/Logo-Footer.png\",\"width\":5990,\"height\":3322,\"caption\":\"bsd Consulting Services\"},\"image\":{\"@id\":\"https:\\\/\\\/consultingbsd.com\\\/#\\\/schema\\\/logo\\\/image\\\/\"}}]}<\/script>\n<!-- \/ Yoast SEO plugin. -->","yoast_head_json":{"title":"About5 - bsd Consulting Services","description":"Nossa paix\u00e3o est\u00e1 na digitaliza\u00e7\u00e3o da produ\u00e7\u00e3o e da cadeia de suprimentos. \u00c9 assim que tornamos voc\u00ea bem-sucedido.","robots":{"index":"index","follow":"follow","max-snippet":"max-snippet:-1","max-image-preview":"max-image-preview:large","max-video-preview":"max-video-preview:-1"},"canonical":"https:\/\/consultingbsd.com\/pt\/about5\/","og_locale":"pt_BR","og_type":"article","og_title":"About5 - bsd Consulting Services","og_description":"Unsere Leidenschaft liegt in der Digitalisierung entlang der Produktion und der Supply Chain. Damit machen wir Sie erfolgreich.","og_url":"https:\/\/consultingbsd.com\/pt\/about5\/","og_site_name":"bsd Consulting Services","article_modified_time":"2026-03-12T21:27:21+00:00","og_image":[{"width":5990,"height":3322,"url":"https:\/\/consultingbsd.com\/wp-content\/uploads\/2023\/10\/Logo-Webseite.png","type":"image\/png"}],"twitter_card":"summary_large_image","twitter_misc":{"Est. tempo de leitura":"3 minutos"},"schema":{"@context":"https:\/\/schema.org","@graph":[{"@type":["WebPage","AboutPage"],"@id":"https:\/\/consultingbsd.com\/about5\/","url":"https:\/\/consultingbsd.com\/about5\/","name":"About5 - bsd Consulting Services","isPartOf":{"@id":"https:\/\/consultingbsd.com\/#website"},"primaryImageOfPage":{"@id":"https:\/\/consultingbsd.com\/about5\/#primaryimage"},"image":{"@id":"https:\/\/consultingbsd.com\/about5\/#primaryimage"},"thumbnailUrl":"https:\/\/consultingbsd.com\/wp-content\/uploads\/2023\/10\/Logo-Webseite.png","datePublished":"2023-09-14T19:45:49+00:00","dateModified":"2026-03-12T21:27:21+00:00","description":"Nossa paix\u00e3o est\u00e1 na digitaliza\u00e7\u00e3o da produ\u00e7\u00e3o e da cadeia de suprimentos. \u00c9 assim que tornamos voc\u00ea bem-sucedido.","breadcrumb":{"@id":"https:\/\/consultingbsd.com\/about5\/#breadcrumb"},"inLanguage":"pt-BR","potentialAction":[{"@type":"ReadAction","target":["https:\/\/consultingbsd.com\/about5\/"]}]},{"@type":"ImageObject","inLanguage":"pt-BR","@id":"https:\/\/consultingbsd.com\/about5\/#primaryimage","url":"https:\/\/consultingbsd.com\/wp-content\/uploads\/2023\/10\/Logo-Webseite.png","contentUrl":"https:\/\/consultingbsd.com\/wp-content\/uploads\/2023\/10\/Logo-Webseite.png","width":5990,"height":3322,"caption":"Logo bsd Consulting Services GmbH"},{"@type":"BreadcrumbList","@id":"https:\/\/consultingbsd.com\/about5\/#breadcrumb","itemListElement":[{"@type":"ListItem","position":1,"name":"Home","item":"https:\/\/consultingbsd.com\/"},{"@type":"ListItem","position":2,"name":"About5"}]},{"@type":"WebSite","@id":"https:\/\/consultingbsd.com\/#website","url":"https:\/\/consultingbsd.com\/","name":"bsd Servi\u00e7os de Consultoria","description":"Website Barreto Schmidt Consulting Services GmbH","publisher":{"@id":"https:\/\/consultingbsd.com\/#organization"},"inLanguage":"pt-BR"},{"@type":"Organization","@id":"https:\/\/consultingbsd.com\/#organization","name":"bsd Servi\u00e7os de Consultoria","url":"https:\/\/consultingbsd.com\/","logo":{"@type":"ImageObject","inLanguage":"pt-BR","@id":"https:\/\/consultingbsd.com\/#\/schema\/logo\/image\/","url":"https:\/\/consultingbsd.com\/wp-content\/uploads\/2023\/09\/Logo-Footer.png","contentUrl":"https:\/\/consultingbsd.com\/wp-content\/uploads\/2023\/09\/Logo-Footer.png","width":5990,"height":3322,"caption":"bsd Consulting Services"},"image":{"@id":"https:\/\/consultingbsd.com\/#\/schema\/logo\/image\/"}}]}},"_links":{"self":[{"href":"https:\/\/consultingbsd.com\/pt\/wp-json\/wp\/v2\/pages\/491","targetHints":{"allow":["GET"]}}],"collection":[{"href":"https:\/\/consultingbsd.com\/pt\/wp-json\/wp\/v2\/pages"}],"about":[{"href":"https:\/\/consultingbsd.com\/pt\/wp-json\/wp\/v2\/types\/page"}],"author":[{"embeddable":true,"href":"https:\/\/consultingbsd.com\/pt\/wp-json\/wp\/v2\/users\/1"}],"replies":[{"embeddable":true,"href":"https:\/\/consultingbsd.com\/pt\/wp-json\/wp\/v2\/comments?post=491"}],"version-history":[{"count":181,"href":"https:\/\/consultingbsd.com\/pt\/wp-json\/wp\/v2\/pages\/491\/revisions"}],"predecessor-version":[{"id":3142,"href":"https:\/\/consultingbsd.com\/pt\/wp-json\/wp\/v2\/pages\/491\/revisions\/3142"}],"wp:featuredmedia":[{"embeddable":true,"href":"https:\/\/consultingbsd.com\/pt\/wp-json\/wp\/v2\/media\/1877"}],"wp:attachment":[{"href":"https:\/\/consultingbsd.com\/pt\/wp-json\/wp\/v2\/media?parent=491"}],"curies":[{"name":"wp","href":"https:\/\/api.w.org\/{rel}","templated":true}]}}